{"id":137,"date":"2025-11-05T15:56:23","date_gmt":"2025-11-05T14:56:23","guid":{"rendered":"http:\/\/657665.test-my-website.de\/?page_id=137"},"modified":"2025-11-11T08:21:53","modified_gmt":"2025-11-11T07:21:53","slug":"impressum","status":"publish","type":"page","link":"https:\/\/klarweltverlag.de\/index.php\/impressum\/","title":{"rendered":"Impressum"},"content":{"rendered":"\n<p>Mario Auras Klarwelt Verlag<\/p>\n\n\n\n<p>Gesch\u00e4ftsf\u00fchrer: Mario Auras<\/p>\n\n\n\n<p>Unternehmenssitz: Deutschland &nbsp;Leipzig&nbsp;<\/p>\n\n\n\n<p>Postanschrift: Mario Auras, 04209 Leipzig, Ringstra\u00dfe 113&nbsp;<\/p>\n\n\n\n<p>Mail:&nbsp;<a href=\"mailto:kontakt@klarweltverlag.de\">kontakt@klarweltverlag.de<\/a><\/p>\n\n\n\n<p>Umsatzsteuer-Identifikationsnummer: DE300607091<\/p>\n\n\n\n<p>Kleinunternehmer gem\u00e4\u00df \u00a7 19 UStG<\/p>\n\n\n\n<p>Die Europ\u00e4ische Kommission stellt eine Plattform zur Online-Streitbeilegung (OS) bereit, die Sie hier finden&nbsp;<a href=\"https:\/\/ec.europa.eu\/consumers\/odr\/main\/index.cfm?event=main.home.chooseLanguage\" target=\"_blank\" rel=\"noreferrer noopener\">https:\/\/ec.europa.eu\/consumers\/odr\/main\/index.cfm?event=main.home.chooseLanguage<\/a>&nbsp;Zur Teilnahme an einem Streitbeilegungsverfahren vor einer Verbraucherschlichtungsstelle sind wir nicht verpflichtet und nicht bereit.<\/p>\n\n\n\n<h2 class=\"wp-block-heading\">Haftungsausschluss<\/h2>\n\n\n\n<p><strong>Inhalte dieser Website<\/strong><\/p>\n\n\n\n<p>Wir bem\u00fchen uns, die Inhalte dieser Website stets aktuell und korrekt zu halten. Dennoch k\u00f6nnen wir keine Gew\u00e4hr f\u00fcr die Vollst\u00e4ndigkeit, Richtigkeit und Aktualit\u00e4t der bereitgestellten Informationen \u00fcbernehmen. Die Nutzung der Inhalte erfolgt auf eigenes Risiko.<\/p>\n\n\n\n<p><strong>Externe Links<\/strong><\/p>\n\n\n\n<p>Unsere Website enth\u00e4lt Links zu externen Webseiten Dritter, auf deren Inhalte wir keinen Einfluss haben. F\u00fcr die Inhalte verlinkter Seiten sind ausschlie\u00dflich die jeweiligen Betreiber verantwortlich. Zum Zeitpunkt der Verlinkung waren keine rechtswidrigen Inhalte erkennbar. Bei Bekanntwerden von Rechtsverletzungen werden wir entsprechende Links umgehend entfernen.<\/p>\n\n\n\n<p><strong>Urheberrecht<\/strong><\/p>\n\n\n\n<p>S\u00e4mtliche Inhalte dieser Website (Texte, Bilder, Grafiken, Logos) sind urheberrechtlich gesch\u00fctzt. Die Vervielf\u00e4ltigung, Bearbeitung, Verbreitung oder jede Art der Verwertung au\u00dferhalb der Grenzen des Urheberrechts bedarf der schriftlichen Zustimmung des jeweiligen Rechteinhabers.<\/p>\n\n\n\n<p><strong>Affiliate-Hinweis<\/strong><\/p>\n\n\n\n<p>Diese Website enth\u00e4lt Affiliate-Links zu Amazon und epubli. Wenn Sie \u00fcber diese Links einkaufen, erhalten wir eine kleine Provision, ohne dass Ihnen dadurch zus\u00e4tzliche Kosten entstehen. Als Amazon-Partner verdienen wir an qualifizierten Verk\u00e4ufen.<\/p>\n\n\n\n<p><strong>\u00c4nderungen<\/strong><\/p>\n\n\n\n<p>Wir behalten uns vor, diese Informationen jederzeit ohne vorherige Ank\u00fcndigung zu \u00e4ndern oder zu erg\u00e4nzen.<\/p>\n","protected":false},"excerpt":{"rendered":"<p>Mario Auras Klarwelt Verlag Gesch\u00e4ftsf\u00fchrer: Mario Auras Unternehmenssitz: Deutschland &nbsp;Leipzig&nbsp; Postanschrift: Mario Auras, 04209 Leipzig, Ringstra\u00dfe 113&nbsp; Mail:&nbsp;kontakt@klarweltverlag.de Umsatzsteuer-Identifikationsnummer: DE300607091 [&hellip;]<\/p>\n","protected":false},"author":1,"featured_media":0,"parent":0,"menu_order":0,"comment_status":"closed","ping_status":"closed","template":"","meta":{"site-sidebar-layout":"default","site-content-layout":"","ast-site-content-layout":"narrow-width-container","site-content-style":"default","site-sidebar-style":"default","ast-global-header-display":"","ast-banner-title-visibility":"","ast-main-header-display":"","ast-hfb-above-header-display":"","ast-hfb-below-header-display":"","ast-hfb-mobile-header-display":"","site-post-title":"","ast-breadcrumbs-content":"","ast-featured-img":"","footer-sml-layout":"","ast-disable-related-posts":"","theme-transparent-header-meta":"","adv-header-id-meta":"","stick-header-meta":"","header-above-stick-meta":"","header-main-stick-meta":"","header-below-stick-meta":"","astra-migrate-meta-layouts":"default","ast-page-background-enabled":"default","ast-page-background-meta":{"desktop":{"background-color":"var(--ast-global-color-5)","background-image":"","background-repeat":"repeat","background-position":"center center","background-size":"auto","background-attachment":"scroll","background-type":"","background-media":"","overlay-type":"","overlay-color":"","overlay-opacity":"","overlay-gradient":""},"tablet":{"background-color":"","background-image":"","background-repeat":"repeat","background-position":"center center","background-size":"auto","background-attachment":"scroll","background-type":"","background-media":"","overlay-type":"","overlay-color":"","overlay-opacity":"","overlay-gradient":""},"mobile":{"background-color":"","background-image":"","background-repeat":"repeat","background-position":"center center","background-size":"auto","background-attachment":"scroll","background-type":"","background-media":"","overlay-type":"","overlay-color":"","overlay-opacity":"","overlay-gradient":""}},"ast-content-background-meta":{"desktop":{"background-color":"var(--ast-global-color-4)","background-image":"","background-repeat":"repeat","background-position":"center center","background-size":"auto","background-attachment":"scroll","background-type":"","background-media":"","overlay-type":"","overlay-color":"","overlay-opacity":"","overlay-gradient":""},"tablet":{"background-color":"var(--ast-global-color-4)","background-image":"","background-repeat":"repeat","background-position":"center center","background-size":"auto","background-attachment":"scroll","background-type":"","background-media":"","overlay-type":"","overlay-color":"","overlay-opacity":"","overlay-gradient":""},"mobile":{"background-color":"var(--ast-global-color-4)","background-image":"","background-repeat":"repeat","background-position":"center center","background-size":"auto","background-attachment":"scroll","background-type":"","background-media":"","overlay-type":"","overlay-color":"","overlay-opacity":"","overlay-gradient":""}},"slim_seo":{"title":"Impressum","description":"Mario Auras Klarwelt Verlag Gesch\u00e4ftsf\u00fchrer: Mario Auras Unternehmenssitz: Deutschland &nbsp;Leipzig&nbsp; Postanschrift: Mario Auras, 04209 Leipzig, Ringstra\u00dfe"},"footnotes":""},"class_list":["post-137","page","type-page","status-publish","hentry"],"_links":{"self":[{"href":"https:\/\/klarweltverlag.de\/index.php\/wp-json\/wp\/v2\/pages\/137","targetHints":{"allow":["GET"]}}],"collection":[{"href":"https:\/\/klarweltverlag.de\/index.php\/wp-json\/wp\/v2\/pages"}],"about":[{"href":"https:\/\/klarweltverlag.de\/index.php\/wp-json\/wp\/v2\/types\/page"}],"author":[{"embeddable":true,"href":"https:\/\/klarweltverlag.de\/index.php\/wp-json\/wp\/v2\/users\/1"}],"replies":[{"embeddable":true,"href":"https:\/\/klarweltverlag.de\/index.php\/wp-json\/wp\/v2\/comments?post=137"}],"version-history":[{"count":6,"href":"https:\/\/klarweltverlag.de\/index.php\/wp-json\/wp\/v2\/pages\/137\/revisions"}],"predecessor-version":[{"id":232,"href":"https:\/\/klarweltverlag.de\/index.php\/wp-json\/wp\/v2\/pages\/137\/revisions\/232"}],"wp:attachment":[{"href":"https:\/\/klarweltverlag.de\/index.php\/wp-json\/wp\/v2\/media?parent=137"}],"curies":[{"name":"wp","href":"https:\/\/api.w.org\/{rel}","templated":true}]}}