{"id":76,"date":"2025-11-05T12:10:35","date_gmt":"2025-11-05T11:10:35","guid":{"rendered":"http:\/\/657665.test-my-website.de\/?page_id=76"},"modified":"2026-01-07T16:13:17","modified_gmt":"2026-01-07T15:13:17","slug":"home","status":"publish","type":"page","link":"https:\/\/klarweltverlag.de\/","title":{"rendered":"Home"},"content":{"rendered":"\n<h1 class=\"wp-block-heading has-text-align-center has-background\" style=\"border-style:none;border-width:0px;background-color:#fff7f0;margin-top:0;margin-bottom:0\">Aktuelle Neuauflagen<\/h1>\n\n\n\n<div class=\"wp-block-columns is-layout-flex wp-container-core-columns-is-layout-28f84493 wp-block-columns-is-layout-flex\">\n<div class=\"wp-block-column is-layout-flow wp-block-column-is-layout-flow\">\n<figure class=\"wp-block-image size-full\"><img loading=\"lazy\" decoding=\"async\" width=\"298\" height=\"422\" src=\"http:\/\/657665.test-my-website.de\/wp-content\/uploads\/2026\/01\/Forstner-Als-U-Boots-Kommandant_web.jpg\" alt=\"Forstner Als U Boots Kommandant web\" class=\"wp-image-276\" srcset=\"https:\/\/klarweltverlag.de\/wp-content\/uploads\/2026\/01\/Forstner-Als-U-Boots-Kommandant_web.jpg 298w, https:\/\/klarweltverlag.de\/wp-content\/uploads\/2026\/01\/Forstner-Als-U-Boots-Kommandant_web-212x300.jpg 212w\" sizes=\"auto, (max-width: 298px) 100vw, 298px\" \/><\/figure>\n\n\n\n<p class=\"has-text-color has-link-color wp-elements-81fec4163d2252adec06d4987440a99e\" style=\"color:#d4af37\"><strong>Erstausgabe 19<\/strong>16<\/p>\n\n\n\n<h3 class=\"wp-block-heading\"><strong>Unsichtbarer Krieg<\/strong><\/h3>\n\n\n\n<p>G\u00fcnther Georg Freiherr von Forstner<\/p>\n\n\n\n<p>Der Krieg auf See war\u00a0im Ersten Weltkrieg oft unsichtbar. Weit unter der Oberfl\u00e4che entschieden sich Gefechte ohne Vorwarnung, ohne Blickkontakt, ohne R\u00fcckzug. U-Boote operierten im Verborgenen und machten den Seekrieg zu einem Kampf aus Technik, Geduld und Risiko.<\/p>\n<\/div>\n\n\n\n<div class=\"wp-block-column is-layout-flow wp-block-column-is-layout-flow\">\n<figure class=\"wp-block-image size-full\"><img loading=\"lazy\" decoding=\"async\" width=\"298\" height=\"422\" src=\"http:\/\/657665.test-my-website.de\/wp-content\/uploads\/2026\/01\/Valentiner_300-000-Tonnen-versenkt_web.jpg\" alt=\"Valentiner 300 000 Tonnen versenkt web\" class=\"wp-image-288\" srcset=\"https:\/\/klarweltverlag.de\/wp-content\/uploads\/2026\/01\/Valentiner_300-000-Tonnen-versenkt_web.jpg 298w, https:\/\/klarweltverlag.de\/wp-content\/uploads\/2026\/01\/Valentiner_300-000-Tonnen-versenkt_web-212x300.jpg 212w\" sizes=\"auto, (max-width: 298px) 100vw, 298px\" \/><\/figure>\n\n\n\n<p class=\"has-text-color has-link-color wp-elements-ade2c0766401d0b652ff65682ced8290\" style=\"color:#d4af37\"><strong>Erstausgabe 1917<\/strong><\/p>\n\n\n\n<h3 class=\"wp-block-heading\">Unter Stahl und Stille<\/h3>\n\n\n\n<p>Max Valentiner<\/p>\n\n\n\n<p>Mit eiserner Ruhe und scharfem Blick lenkt\u00a0Max Valentiner\u00a0sein U-Boot durch tobende St\u00fcrme, feindliche Gew\u00e4sser und die\u00a0Dunkelheit der Tiefe. Was drau\u00dfen als Heldengeschichte gefeiert wird, ist drinnen ein Kampf gegen Angst, Enge und das Schicksal.\u00a0<\/p>\n<\/div>\n\n\n\n<div class=\"wp-block-column is-layout-flow wp-block-column-is-layout-flow\">\n<figure class=\"wp-block-image size-full\"><img loading=\"lazy\" decoding=\"async\" width=\"298\" height=\"422\" src=\"http:\/\/657665.test-my-website.de\/wp-content\/uploads\/2026\/01\/Pochhammer-Fahrt-ohne-Heimkehr_web.jpg\" alt=\"Pochhammer Fahrt ohne Heimkehr web\" class=\"wp-image-260\" srcset=\"https:\/\/klarweltverlag.de\/wp-content\/uploads\/2026\/01\/Pochhammer-Fahrt-ohne-Heimkehr_web.jpg 298w, https:\/\/klarweltverlag.de\/wp-content\/uploads\/2026\/01\/Pochhammer-Fahrt-ohne-Heimkehr_web-212x300.jpg 212w\" sizes=\"auto, (max-width: 298px) 100vw, 298px\" \/><\/figure>\n\n\n\n<p class=\"has-text-color has-link-color wp-elements-55387933258d060730280e8c0af1435b\" style=\"color:#d4af37\"><strong>Erstausgabe 19<\/strong>18<\/p>\n\n\n\n<h3 class=\"wp-block-heading\" style=\"border-style:none;border-width:0px;margin-top:0;margin-bottom:0\">Fahrt ohne Heimkehr<\/h3>\n\n\n\n<p>Hans Pochhammer<\/p>\n\n\n\n<p>Mit dem\u00a0Ausbruch des Ersten Weltkrieges\u00a0beginnt f\u00fcr das deutsche Ostasiengeschwader eine Fahrt ohne R\u00fcckkehr. Fern der Heimat, ohne gesicherte St\u00fctzpunkte und verfolgt von einer \u00fcberlegenen Seemacht, nimmt die Graf Spee Kurs auf eine ungewisse Zukunft.<\/p>\n<\/div>\n<\/div>\n\n\n\n<h1 class=\"wp-block-heading has-text-align-center has-background\" style=\"background-color:#fff7f0\"><strong>Erscheint demn\u00e4chst<\/strong><\/h1>\n\n\n\n<div class=\"wp-block-columns is-layout-flex wp-container-core-columns-is-layout-28f84493 wp-block-columns-is-layout-flex\">\n<div class=\"wp-block-column is-layout-flow wp-block-column-is-layout-flow\">\n<figure class=\"wp-block-image size-full\"><img loading=\"lazy\" decoding=\"async\" width=\"298\" height=\"422\" src=\"http:\/\/657665.test-my-website.de\/wp-content\/uploads\/2026\/01\/Skowronnek-U-Deutschland_web.jpg\" alt=\"Skowronnek U Deutschland web\" class=\"wp-image-262\" srcset=\"https:\/\/klarweltverlag.de\/wp-content\/uploads\/2026\/01\/Skowronnek-U-Deutschland_web.jpg 298w, https:\/\/klarweltverlag.de\/wp-content\/uploads\/2026\/01\/Skowronnek-U-Deutschland_web-212x300.jpg 212w\" sizes=\"auto, (max-width: 298px) 100vw, 298px\" \/><\/figure>\n\n\n\n<p class=\"has-text-color has-link-color wp-elements-81fec4163d2252adec06d4987440a99e\" style=\"color:#d4af37\"><strong>Erstausgabe 19<\/strong>16<\/p>\n\n\n\n<h3 class=\"wp-block-heading\">Unter Wasser nach \u00dcbersee<\/h3>\n\n\n\n<p>Fritz Skowronnek<\/p>\n\n\n\n<p>Der Krieg\u00a0hatte die Meere verschlossen. H\u00e4fen waren blockiert, Seewege kontrolliert, der Handel zum Stillstand gebracht. In dieser Lage entstand ein ungew\u00f6hnlicher Plan: Waren sollten nicht \u00fcber die Oberfl\u00e4che transportiert werden, sondern darunter.<\/p>\n<\/div>\n\n\n\n<div class=\"wp-block-column is-layout-flow wp-block-column-is-layout-flow\">\n<figure class=\"wp-block-image size-full\"><img loading=\"lazy\" decoding=\"async\" width=\"298\" height=\"422\" src=\"http:\/\/657665.test-my-website.de\/wp-content\/uploads\/2026\/01\/Lueth-Boot-greift-wieder-an_web-298x422-1.jpg\" alt=\"L\u00fcth Boot greift wieder an! web 298x422\" class=\"wp-image-241\" srcset=\"https:\/\/klarweltverlag.de\/wp-content\/uploads\/2026\/01\/Lueth-Boot-greift-wieder-an_web-298x422-1.jpg 298w, https:\/\/klarweltverlag.de\/wp-content\/uploads\/2026\/01\/Lueth-Boot-greift-wieder-an_web-298x422-1-212x300.jpg 212w\" sizes=\"auto, (max-width: 298px) 100vw, 298px\" \/><\/figure>\n\n\n\n<p class=\"has-text-color has-link-color wp-elements-15e846af3d0194caa858474580804e51\" style=\"color:#d4af37\"><strong>Erstausgabe 1<\/strong>943<\/p>\n\n\n\n<h3 class=\"wp-block-heading\">Im Schatten des Atlantiks<\/h3>\n\n\n\n<p>Wolfgang L\u00fcth<\/p>\n\n\n\n<p>Mitten im tosenden Atlantik, fernab von Heimat und Licht, beginnt f\u00fcr die M\u00e4nner an Bord eines deutschen U-Bootes ein Kampf, der weniger von Stahl und Technik, sondern von Mut, Entbehrung und der unaufhaltsamen H\u00e4rte des Ozeans bestimmt wird. Wolfgang L\u00fcth, einer der erfahrensten\u00a0Kommandanten der deutschen U-Bootwaffe, berichtet aus erster Hand \u00fcber das Leben unter Wasser.<\/p>\n<\/div>\n\n\n\n<div class=\"wp-block-column is-layout-flow wp-block-column-is-layout-flow\">\n<figure class=\"wp-block-image size-full\"><img decoding=\"async\" src=\"http:\/\/657665.test-my-website.de\/wp-content\/uploads\/2026\/01\/Steinart-Der-Hauptmann_web.jpg\" alt=\"Steinart Der Hauptmann web\" class=\"wp-image-280\"\/><\/figure>\n\n\n\n<p class=\"has-text-color has-link-color wp-elements-81fec4163d2252adec06d4987440a99e\" style=\"color:#d4af37\"><strong>Erstausgabe 19<\/strong>16<\/p>\n\n\n\n<h3 class=\"wp-block-heading\" style=\"border-style:none;border-width:0px;margin-top:0;margin-bottom:0\"><strong>D<\/strong>er Hauptmann<\/h3>\n\n\n\n<p>Armin Steinart<\/p>\n\n\n\n<p><strong>1916<\/strong><\/p>\n\n\n\n<p>Der Krieg hat sein Gesicht ver\u00e4ndert.\u00a0Aus Bewegung ist Stillstand geworden, aus Befehlen Routine, aus Menschen Material. An der Front tr\u00e4gt ein Hauptmann Verantwortung f\u00fcr M\u00e4nner, deren Namen er kennt \u2013 und deren Tod er einkalkulieren muss.<\/p>\n<\/div>\n<\/div>\n\n\n\n<h1 class=\"wp-block-heading has-text-align-center has-background\" style=\"background-color:#fff7f0\">Was uns auszeichnet<\/h1>\n\n\n\n<div class=\"wp-block-columns is-layout-flex wp-container-core-columns-is-layout-28f84493 wp-block-columns-is-layout-flex\">\n<div class=\"wp-block-column is-layout-flow wp-block-column-is-layout-flow\">\n<h3 class=\"wp-block-heading has-text-align-center\">Sorgf\u00e4ltige Auswahl<\/h3>\n\n\n\n<p class=\"has-text-align-center\">Jedes Buch durchl\u00e4uft einen strengen Auswahlprozess. Wir suchen nicht nur vergessene Titel, sondern literarische Qualit\u00e4t, die zeitlos ist.<\/p>\n<\/div>\n\n\n\n<div class=\"wp-block-column is-layout-flow wp-block-column-is-layout-flow\">\n<h3 class=\"wp-block-heading has-text-align-center\">Historischer Kontext<\/h3>\n\n\n\n<p class=\"has-text-align-center\">Jede Ausgabe enth\u00e4lt ein informatives Nachwort, das das Werk in seinen historischen und literarischen Kontext einordnet.<\/p>\n<\/div>\n\n\n\n<div class=\"wp-block-column is-layout-flow wp-block-column-is-layout-flow\">\n<h3 class=\"wp-block-heading\">Hochwertige Verarbeitung<\/h3>\n\n\n\n<p class=\"has-text-align-center\">Moderne Drucktechnik trifft auf klassisches Buchhandwerk. Hochwertiges Papier, sorgf\u00e4ltiger Satz, ansprechendes Design.<\/p>\n<\/div>\n<\/div>\n\n\n\n<h1 class=\"wp-block-heading has-text-align-center has-background\" style=\"background-color:#fff7f0\">Wie wir B\u00fccher wiederentdecken<\/h1>\n\n\n\n<div class=\"wp-block-columns is-layout-flex wp-container-core-columns-is-layout-28f84493 wp-block-columns-is-layout-flex\">\n<div class=\"wp-block-column is-layout-flow wp-block-column-is-layout-flow\">\n<p>Unsere Reise beginnt in Antiquariaten, Archiven und vergessenen Bibliotheksregalen. Wir durchforsten alte Kataloge, lesen Rezensionen aus l\u00e4ngst vergangenen Zeiten und folgen den Spuren literarischer Sch\u00e4tze.<\/p>\n<\/div>\n\n\n\n<div class=\"wp-block-column is-layout-flow wp-block-column-is-layout-flow\">\n<p>Wenn wir ein Werk gefunden haben, das es verdient, neu aufgelegt zu werden, beginnt die sorgf\u00e4ltige Arbeit: Textvergleich verschiedener Ausgaben, Recherche zum Autor und zur Entstehungsgeschichte, Gestaltung einer w\u00fcrdigen Neuauflage.<\/p>\n<\/div>\n<\/div>\n\n\n\n<p><\/p>\n","protected":false},"excerpt":{"rendered":"<p>Aktuelle Neuauflagen Erstausgabe 1916 Unsichtbarer Krieg G\u00fcnther Georg Freiherr von Forstner Der Krieg auf See war\u00a0im Ersten Weltkrieg oft unsichtbar. [&hellip;]<\/p>\n","protected":false},"author":1,"featured_media":0,"parent":0,"menu_order":0,"comment_status":"closed","ping_status":"open","template":"","meta":{"site-sidebar-layout":"default","site-content-layout":"","ast-site-content-layout":"normal-width-container","site-content-style":"default","site-sidebar-style":"default","ast-global-header-display":"","ast-banner-title-visibility":"","ast-main-header-display":"","ast-hfb-above-header-display":"","ast-hfb-below-header-display":"","ast-hfb-mobile-header-display":"","site-post-title":"disabled","ast-breadcrumbs-content":"","ast-featured-img":"","footer-sml-layout":"","ast-disable-related-posts":"","theme-transparent-header-meta":"","adv-header-id-meta":"","stick-header-meta":"","header-above-stick-meta":"","header-main-stick-meta":"","header-below-stick-meta":"","astra-migrate-meta-layouts":"default","ast-page-background-enabled":"default","ast-page-background-meta":{"desktop":{"background-color":"var(--ast-global-color-5)","background-image":"","background-repeat":"repeat","background-position":"center center","background-size":"auto","background-attachment":"scroll","background-type":"","background-media":"","overlay-type":"","overlay-color":"","overlay-opacity":"","overlay-gradient":""},"tablet":{"background-color":"","background-image":"","background-repeat":"repeat","background-position":"center center","background-size":"auto","background-attachment":"scroll","background-type":"","background-media":"","overlay-type":"","overlay-color":"","overlay-opacity":"","overlay-gradient":""},"mobile":{"background-color":"","background-image":"","background-repeat":"repeat","background-position":"center center","background-size":"auto","background-attachment":"scroll","background-type":"","background-media":"","overlay-type":"","overlay-color":"","overlay-opacity":"","overlay-gradient":""}},"ast-content-background-meta":{"desktop":{"background-color":"var(--ast-global-color-4)","background-image":"","background-repeat":"repeat","background-position":"center center","background-size":"auto","background-attachment":"scroll","background-type":"","background-media":"","overlay-type":"","overlay-color":"","overlay-opacity":"","overlay-gradient":""},"tablet":{"background-color":"var(--ast-global-color-4)","background-image":"","background-repeat":"repeat","background-position":"center center","background-size":"auto","background-attachment":"scroll","background-type":"","background-media":"","overlay-type":"","overlay-color":"","overlay-opacity":"","overlay-gradient":""},"mobile":{"background-color":"var(--ast-global-color-4)","background-image":"","background-repeat":"repeat","background-position":"center center","background-size":"auto","background-attachment":"scroll","background-type":"","background-media":"","overlay-type":"","overlay-color":"","overlay-opacity":"","overlay-gradient":""}},"slim_seo":{"title":"Neuauflagen von seltenen und vergriffenen B\u00fcchern.","description":"Aktuelle Neuauflagen Erstausgabe 19 16 Unsichtbarer Krieg G\u00fcnther Georg Freiherr von Forstner Der Krieg auf See war\u00a0im Ersten Weltkrieg oft unsichtbar. Weit unt"},"footnotes":""},"class_list":["post-76","page","type-page","status-publish","hentry"],"_links":{"self":[{"href":"https:\/\/klarweltverlag.de\/index.php\/wp-json\/wp\/v2\/pages\/76","targetHints":{"allow":["GET"]}}],"collection":[{"href":"https:\/\/klarweltverlag.de\/index.php\/wp-json\/wp\/v2\/pages"}],"about":[{"href":"https:\/\/klarweltverlag.de\/index.php\/wp-json\/wp\/v2\/types\/page"}],"author":[{"embeddable":true,"href":"https:\/\/klarweltverlag.de\/index.php\/wp-json\/wp\/v2\/users\/1"}],"replies":[{"embeddable":true,"href":"https:\/\/klarweltverlag.de\/index.php\/wp-json\/wp\/v2\/comments?post=76"}],"version-history":[{"count":53,"href":"https:\/\/klarweltverlag.de\/index.php\/wp-json\/wp\/v2\/pages\/76\/revisions"}],"predecessor-version":[{"id":309,"href":"https:\/\/klarweltverlag.de\/index.php\/wp-json\/wp\/v2\/pages\/76\/revisions\/309"}],"wp:attachment":[{"href":"https:\/\/klarweltverlag.de\/index.php\/wp-json\/wp\/v2\/media?parent=76"}],"curies":[{"name":"wp","href":"https:\/\/api.w.org\/{rel}","templated":true}]}}