{"id":235,"date":"2026-01-07T09:07:53","date_gmt":"2026-01-07T08:07:53","guid":{"rendered":"https:\/\/657665.test-my-website.de\/?post_type=product&#038;p=235"},"modified":"2026-01-07T11:17:34","modified_gmt":"2026-01-07T10:17:34","slug":"im-schatten-des-atlantiks","status":"publish","type":"product","link":"https:\/\/klarweltverlag.de\/index.php\/produkt\/im-schatten-des-atlantiks\/","title":{"rendered":"Im Schatten des Atlantiks &#8211; Boot greift wieder an!"},"content":{"rendered":"<p class=\"cvGsUA direction-ltr align-start para-style-body\"><span class=\"a_GcMg font-feature-liga-off font-feature-clig-off font-feature-calt-off text-decoration-none text-strikethrough-none\"><strong>Mitten im tosenden Atlantik<\/strong>, fernab von Heimat und Licht, beginnt f\u00fcr die M\u00e4nner an Bord eines deutschen U-Bootes ein Kampf, der weniger von Stahl und Technik, sondern von Mut, Entbehrung und der unaufhaltsamen H\u00e4rte des Ozeans bestimmt wird. Wolfgang L\u00fcth, einer der erfahrensten <strong>Kommandanten der deutschen U-Bootwaffe<\/strong>, berichtet aus erster Hand \u00fcber das Leben unter Wasser \u2013 \u00fcber N\u00e4chte voller Spannung, Tage voller Routine und \u00fcber jene Sekunden, in denen sich das Schicksal eines ganzen Bootes entscheidet.<\/span><\/p>\n<p class=\"cvGsUA direction-ltr align-start para-style-body\"><span class=\"a_GcMg font-feature-liga-off font-feature-clig-off font-feature-calt-off text-decoration-none text-strikethrough-none\">Im Schatten des Atlantiks gew\u00e4hrt einen seltenen Einblick in die Realit\u00e4t des Untersee\u00adkrieges: das Ringen mit Sturm, Eis und Dunkelheit, das Warten im tonnenschweren Stahlk\u00f6rper, das Schaudern vor dem dumpfen Beben explodierender Wasserbomben, aber auch die Kameradschaft, die in der Enge des Bootes zu etwas Unverzichtbarem wird.<\/span><\/p>\n<p class=\"cvGsUA direction-ltr align-start para-style-body\"><span class=\"a_GcMg font-feature-liga-off font-feature-clig-off font-feature-calt-off text-decoration-none text-strikethrough-none\">L\u00fcths Bericht ist keine Heldengeschichte, sondern ein <strong>authentisches Zeitdokument<\/strong> \u00fcber Menschen, die im Schatten eines globalen Konflikts ihren Dienst taten \u2013 getragen von Pflichtgef\u00fchl, gepr\u00e4gt von Angst und Hoffnung, und stets bedroht von der gnadenlosen Gewalt des Meeres.<\/span><\/p>\n<p class=\"cvGsUA direction-ltr align-start para-style-body\"><span class=\"a_GcMg font-feature-liga-off font-feature-clig-off font-feature-calt-off text-decoration-none text-strikethrough-none\">Ein <strong>packendes, eindringliches und zugleich kritisches Zeugnis des U-Bootkrieges im Zweiten Weltkrieg<\/strong> \u2013 und ein Buch, das den Leser tief unter die Wasserlinie f\u00fchrt, dorthin, wo Entscheidungen aus Sekunden bestehen und jede Fahrt die letzte sein kann.<\/span><\/p>\n","protected":false},"excerpt":{"rendered":"<p>Taschenbuch \/ eBook<\/p>\n","protected":false},"featured_media":241,"template":"","meta":{"site-sidebar-layout":"default","site-content-layout":"","ast-site-content-layout":"default","site-content-style":"default","site-sidebar-style":"default","ast-global-header-display":"","ast-banner-title-visibility":"","ast-main-header-display":"","ast-hfb-above-header-display":"","ast-hfb-below-header-display":"","ast-hfb-mobile-header-display":"","site-post-title":"","ast-breadcrumbs-content":"","ast-featured-img":"","footer-sml-layout":"","ast-disable-related-posts":"","theme-transparent-header-meta":"default","adv-header-id-meta":"","stick-header-meta":"","header-above-stick-meta":"","header-main-stick-meta":"","header-below-stick-meta":"","astra-migrate-meta-layouts":"set","ast-page-background-enabled":"default","ast-page-background-meta":{"desktop":{"background-color":"var(--ast-global-color-5)","background-image":"","background-repeat":"repeat","background-position":"center center","background-size":"auto","background-attachment":"scroll","background-type":"","background-media":"","overlay-type":"","overlay-color":"","overlay-opacity":"","overlay-gradient":""},"tablet":{"background-color":"","background-image":"","background-repeat":"repeat","background-position":"center center","background-size":"auto","background-attachment":"scroll","background-type":"","background-media":"","overlay-type":"","overlay-color":"","overlay-opacity":"","overlay-gradient":""},"mobile":{"background-color":"","background-image":"","background-repeat":"repeat","background-position":"center center","background-size":"auto","background-attachment":"scroll","background-type":"","background-media":"","overlay-type":"","overlay-color":"","overlay-opacity":"","overlay-gradient":""}},"ast-content-background-meta":{"desktop":{"background-color":"var(--ast-global-color-4)","background-image":"","background-repeat":"repeat","background-position":"center center","background-size":"auto","background-attachment":"scroll","background-type":"","background-media":"","overlay-type":"","overlay-color":"","overlay-opacity":"","overlay-gradient":""},"tablet":{"background-color":"var(--ast-global-color-4)","background-image":"","background-repeat":"repeat","background-position":"center center","background-size":"auto","background-attachment":"scroll","background-type":"","background-media":"","overlay-type":"","overlay-color":"","overlay-opacity":"","overlay-gradient":""},"mobile":{"background-color":"var(--ast-global-color-4)","background-image":"","background-repeat":"repeat","background-position":"center center","background-size":"auto","background-attachment":"scroll","background-type":"","background-media":"","overlay-type":"","overlay-color":"","overlay-opacity":"","overlay-gradient":""}},"slim_seo":{"title":"Im Schatten des Atlantiks - Boot greift wieder an!","description":"Taschenbuch \/ eBook"}},"product_brand":[],"product_cat":[24],"product_tag":[],"class_list":{"0":"post-235","1":"product","2":"type-product","3":"status-publish","4":"has-post-thumbnail","6":"product_cat-zweiter-weltkrieg","7":"desktop-align-left","8":"tablet-align-left","9":"mobile-align-left","11":"first","12":"instock","13":"shipping-taxable","14":"product-type-external"},"_links":{"self":[{"href":"https:\/\/klarweltverlag.de\/index.php\/wp-json\/wp\/v2\/product\/235","targetHints":{"allow":["GET"]}}],"collection":[{"href":"https:\/\/klarweltverlag.de\/index.php\/wp-json\/wp\/v2\/product"}],"about":[{"href":"https:\/\/klarweltverlag.de\/index.php\/wp-json\/wp\/v2\/types\/product"}],"wp:featuredmedia":[{"embeddable":true,"href":"https:\/\/klarweltverlag.de\/index.php\/wp-json\/wp\/v2\/media\/241"}],"wp:attachment":[{"href":"https:\/\/klarweltverlag.de\/index.php\/wp-json\/wp\/v2\/media?parent=235"}],"wp:term":[{"taxonomy":"product_brand","embeddable":true,"href":"https:\/\/klarweltverlag.de\/index.php\/wp-json\/wp\/v2\/product_brand?post=235"},{"taxonomy":"product_cat","embeddable":true,"href":"https:\/\/klarweltverlag.de\/index.php\/wp-json\/wp\/v2\/product_cat?post=235"},{"taxonomy":"product_tag","embeddable":true,"href":"https:\/\/klarweltverlag.de\/index.php\/wp-json\/wp\/v2\/product_tag?post=235"}],"curies":[{"name":"wp","href":"https:\/\/api.w.org\/{rel}","templated":true}]}}