{"id":255,"date":"2026-01-07T12:46:16","date_gmt":"2026-01-07T11:46:16","guid":{"rendered":"https:\/\/657665.test-my-website.de\/?post_type=product&#038;p=255"},"modified":"2026-01-07T12:51:41","modified_gmt":"2026-01-07T11:51:41","slug":"feindfahrt-ein-leben-im-u-boot-krieg","status":"publish","type":"product","link":"https:\/\/klarweltverlag.de\/index.php\/produkt\/feindfahrt-ein-leben-im-u-boot-krieg\/","title":{"rendered":"Feindfahrt &#8211; Ein Leben im U-Boot-Krieg"},"content":{"rendered":"<p class=\"cvGsUA direction-ltr align-start para-style-body\"><strong><span class=\"a_GcMg font-feature-liga-off font-feature-clig-off font-feature-calt-off text-decoration-none text-strikethrough-none\">Eine wahre Geschichte aus den Tiefen des Weltkrieges<\/span><\/strong><\/p>\n<p class=\"cvGsUA direction-ltr align-start para-style-body\"><span class=\"a_GcMg font-feature-liga-off font-feature-clig-off font-feature-calt-off text-decoration-none text-strikethrough-none\">August 1914. W\u00e4hrend Europa in Flammen steht, meldet sich der junge Erich Sarnekow freiwillig zur Kaiserlichen Marine. Sein Ziel: Die neue, <strong>geheimnisvolle Waffe Deutschlands<\/strong> \u2013 das Unterseeboot.<\/span><\/p>\n<p class=\"cvGsUA direction-ltr align-start para-style-body\"><span class=\"a_GcMg font-feature-liga-off font-feature-clig-off font-feature-calt-off text-decoration-none text-strikethrough-none\">Von der eisigen Ostsee bis zu den sonnendurchfluteten K\u00fcsten des Mittelmeers f\u00fchrt seine beispiellose Odyssee durch alle Kriegsschaupl\u00e4tze zur See. Sarnekow erlebt den Krieg dort, wo er am gef\u00e4hrlichsten ist: In den st\u00e4hlernen S\u00e4rgen unter den Wellen, wo jede Fahrt die letzte sein kann.<\/span><\/p>\n<p class=\"cvGsUA direction-ltr align-start para-style-body\"><span class=\"a_GcMg font-feature-liga-off font-feature-clig-off font-feature-calt-off text-decoration-none text-strikethrough-none\">Franz Schulze schildert in diesem authentischen Bericht von 1916 die <strong>dramatische Reise eines deutschen U-Boot-Fahrers<\/strong>, der gegen die russische Flotte in der Ostsee k\u00e4mpft, die britische Seeblockade in der Nordsee durchbricht und schlie\u00dflich die waghalsige Durchfahrt durch die von Feinden bewachte Stra\u00dfe von Gibraltar wagt. Seine Mission f\u00fchrt ihn an die wilde Rif-K\u00fcste Nordafrikas, durchs gef\u00e4hrliche Mittelmeer und schlie\u00dflich zu den t\u00fcrkischen Bundesgenossen unter dem Halbmond.<\/span><\/p>\n<p class=\"cvGsUA direction-ltr align-start para-style-body\"><span class=\"a_GcMg font-feature-liga-off font-feature-clig-off font-feature-calt-off text-decoration-none text-strikethrough-none\">Dies ist keine glorifizierende Heldengeschichte, sondern der ungefilterte Bericht eines Mannes, der wei\u00df, was es bedeutet, mit 30 Kameraden auf engstem Raum zu leben, wenn \u00fcber ihnen die Wasserbomben detonieren, wenn die Luft knapp wird, wenn das Boot zu tief sinkt. Eine Geschichte von Kameradschaft, Todesmut und unbedingter Pflichterf\u00fcllung.<\/span><\/p>\n<p class=\"cvGsUA direction-ltr align-start para-style-body\"><span class=\"a_GcMg font-feature-liga-off font-feature-clig-off font-feature-calt-off text-decoration-none text-strikethrough-none\">Von Kriegsausbruch bis zur dramatischen Mission ins Osmanische Reich \u2013 erleben Sie die <strong>deutsche U-Boot-Waffe<\/strong> in ihrer heroischsten Phase durch die Augen eines Mannes, der dabei war.<\/span><\/p>\n","protected":false},"excerpt":{"rendered":"<p>Taschenbuch \/ eBook<\/p>\n","protected":false},"featured_media":256,"template":"","meta":{"site-sidebar-layout":"default","site-content-layout":"","ast-site-content-layout":"default","site-content-style":"default","site-sidebar-style":"default","ast-global-header-display":"","ast-banner-title-visibility":"","ast-main-header-display":"","ast-hfb-above-header-display":"","ast-hfb-below-header-display":"","ast-hfb-mobile-header-display":"","site-post-title":"","ast-breadcrumbs-content":"","ast-featured-img":"","footer-sml-layout":"","ast-disable-related-posts":"","theme-transparent-header-meta":"default","adv-header-id-meta":"","stick-header-meta":"","header-above-stick-meta":"","header-main-stick-meta":"","header-below-stick-meta":"","astra-migrate-meta-layouts":"set","ast-page-background-enabled":"default","ast-page-background-meta":{"desktop":{"background-color":"var(--ast-global-color-5)","background-image":"","background-repeat":"repeat","background-position":"center center","background-size":"auto","background-attachment":"scroll","background-type":"","background-media":"","overlay-type":"","overlay-color":"","overlay-opacity":"","overlay-gradient":""},"tablet":{"background-color":"","background-image":"","background-repeat":"repeat","background-position":"center center","background-size":"auto","background-attachment":"scroll","background-type":"","background-media":"","overlay-type":"","overlay-color":"","overlay-opacity":"","overlay-gradient":""},"mobile":{"background-color":"","background-image":"","background-repeat":"repeat","background-position":"center center","background-size":"auto","background-attachment":"scroll","background-type":"","background-media":"","overlay-type":"","overlay-color":"","overlay-opacity":"","overlay-gradient":""}},"ast-content-background-meta":{"desktop":{"background-color":"var(--ast-global-color-4)","background-image":"","background-repeat":"repeat","background-position":"center center","background-size":"auto","background-attachment":"scroll","background-type":"","background-media":"","overlay-type":"","overlay-color":"","overlay-opacity":"","overlay-gradient":""},"tablet":{"background-color":"var(--ast-global-color-4)","background-image":"","background-repeat":"repeat","background-position":"center center","background-size":"auto","background-attachment":"scroll","background-type":"","background-media":"","overlay-type":"","overlay-color":"","overlay-opacity":"","overlay-gradient":""},"mobile":{"background-color":"var(--ast-global-color-4)","background-image":"","background-repeat":"repeat","background-position":"center center","background-size":"auto","background-attachment":"scroll","background-type":"","background-media":"","overlay-type":"","overlay-color":"","overlay-opacity":"","overlay-gradient":""}},"slim_seo":{"title":"Feindfahrt - Ein Leben im U-Boot-Krieg","description":"Taschenbuch \/ eBook"}},"product_brand":[],"product_cat":[25],"product_tag":[],"class_list":{"0":"post-255","1":"product","2":"type-product","3":"status-publish","4":"has-post-thumbnail","6":"product_cat-erster-weltkrieg","7":"desktop-align-left","8":"tablet-align-left","9":"mobile-align-left","11":"first","12":"instock","13":"shipping-taxable","14":"product-type-external"},"_links":{"self":[{"href":"https:\/\/klarweltverlag.de\/index.php\/wp-json\/wp\/v2\/product\/255","targetHints":{"allow":["GET"]}}],"collection":[{"href":"https:\/\/klarweltverlag.de\/index.php\/wp-json\/wp\/v2\/product"}],"about":[{"href":"https:\/\/klarweltverlag.de\/index.php\/wp-json\/wp\/v2\/types\/product"}],"wp:featuredmedia":[{"embeddable":true,"href":"https:\/\/klarweltverlag.de\/index.php\/wp-json\/wp\/v2\/media\/256"}],"wp:attachment":[{"href":"https:\/\/klarweltverlag.de\/index.php\/wp-json\/wp\/v2\/media?parent=255"}],"wp:term":[{"taxonomy":"product_brand","embeddable":true,"href":"https:\/\/klarweltverlag.de\/index.php\/wp-json\/wp\/v2\/product_brand?post=255"},{"taxonomy":"product_cat","embeddable":true,"href":"https:\/\/klarweltverlag.de\/index.php\/wp-json\/wp\/v2\/product_cat?post=255"},{"taxonomy":"product_tag","embeddable":true,"href":"https:\/\/klarweltverlag.de\/index.php\/wp-json\/wp\/v2\/product_tag?post=255"}],"curies":[{"name":"wp","href":"https:\/\/api.w.org\/{rel}","templated":true}]}}