{"id":259,"date":"2026-01-07T12:58:43","date_gmt":"2026-01-07T11:58:43","guid":{"rendered":"https:\/\/657665.test-my-website.de\/?post_type=product&#038;p=259"},"modified":"2026-01-07T13:03:31","modified_gmt":"2026-01-07T12:03:31","slug":"fahrt-ohne-heimkehr-graf-spees-letzte-fahrt","status":"publish","type":"product","link":"https:\/\/klarweltverlag.de\/index.php\/produkt\/fahrt-ohne-heimkehr-graf-spees-letzte-fahrt\/","title":{"rendered":"Fahrt ohne Heimkehr &#8211; Graf Spee&#8217;s letzte Fahrt"},"content":{"rendered":"<p class=\"cvGsUA direction-ltr align-start para-style-body\"><span class=\"a_GcMg font-feature-liga-off font-feature-clig-off font-feature-calt-off text-decoration-none text-strikethrough-none\">Mit dem<strong> Ausbruch des Ersten Weltkrieges<\/strong> beginnt f\u00fcr das deutsche Ostasiengeschwader eine Fahrt ohne R\u00fcckkehr. Fern der Heimat, ohne gesicherte St\u00fctzpunkte und verfolgt von einer \u00fcberlegenen Seemacht, nimmt die Graf Spee Kurs auf eine ungewisse Zukunft.<\/span><\/p>\n<p class=\"cvGsUA direction-ltr align-start para-style-body\"><span class=\"a_GcMg font-feature-liga-off font-feature-clig-off font-feature-calt-off text-decoration-none text-strikethrough-none\">In <strong>Fahrt ohne Heimkehr<\/strong> schildert Hans Pochhammer die Ereignisse aus n\u00e4chster N\u00e4he. Der Leser folgt der langen Fahrt \u00fcber den Pazifik und den S\u00fcdatlantik, erlebt die Versorgungsschwierigkeiten, die strategischen Entscheidungen und die wachsende Erkenntnis, dass jeder Handlungsspielraum begrenzt ist. Die Schlacht bei Coronel, der \u00dcbergang in den Atlantik und schlie\u00dflich das Gefecht bei den Falklandinseln markieren die Stationen eines Weges, der unausweichlich endet.<\/span><\/p>\n<p class=\"cvGsUA direction-ltr align-start para-style-body\"><span class=\"a_GcMg font-feature-liga-off font-feature-clig-off font-feature-calt-off text-decoration-none text-strikethrough-none\">Das Buch verzichtet auf sp\u00e4tere Deutungen und bleibt im zeitgen\u00f6ssischen Blick. <strong>Es zeigt den Seekrieg<\/strong>, wie er erlebt wurde: gepr\u00e4gt von Pflicht, Unsicherheit und der st\u00e4ndigen Abw\u00e4gung zwischen Befehl und Realit\u00e4t.<\/span><\/p>\n<p class=\"cvGsUA direction-ltr align-start para-style-body\"><span class=\"a_GcMg font-feature-liga-off font-feature-clig-off font-feature-calt-off text-decoration-none text-strikethrough-none\">Fahrt ohne Heimkehr ist ein <strong>unmittelbares Zeitdokument<\/strong> \u00fcber die letzte Fahrt der Graf Spee \u2013 n\u00fcchtern, pr\u00e4zise und von bleibender historischer Aussagekraft.<\/span><\/p>\n","protected":false},"excerpt":{"rendered":"<p>Taschenbuch \/ eBook<\/p>\n","protected":false},"featured_media":260,"template":"","meta":{"site-sidebar-layout":"default","site-content-layout":"","ast-site-content-layout":"default","site-content-style":"default","site-sidebar-style":"default","ast-global-header-display":"","ast-banner-title-visibility":"","ast-main-header-display":"","ast-hfb-above-header-display":"","ast-hfb-below-header-display":"","ast-hfb-mobile-header-display":"","site-post-title":"","ast-breadcrumbs-content":"","ast-featured-img":"","footer-sml-layout":"","ast-disable-related-posts":"","theme-transparent-header-meta":"default","adv-header-id-meta":"","stick-header-meta":"","header-above-stick-meta":"","header-main-stick-meta":"","header-below-stick-meta":"","astra-migrate-meta-layouts":"set","ast-page-background-enabled":"default","ast-page-background-meta":{"desktop":{"background-color":"var(--ast-global-color-5)","background-image":"","background-repeat":"repeat","background-position":"center center","background-size":"auto","background-attachment":"scroll","background-type":"","background-media":"","overlay-type":"","overlay-color":"","overlay-opacity":"","overlay-gradient":""},"tablet":{"background-color":"","background-image":"","background-repeat":"repeat","background-position":"center center","background-size":"auto","background-attachment":"scroll","background-type":"","background-media":"","overlay-type":"","overlay-color":"","overlay-opacity":"","overlay-gradient":""},"mobile":{"background-color":"","background-image":"","background-repeat":"repeat","background-position":"center center","background-size":"auto","background-attachment":"scroll","background-type":"","background-media":"","overlay-type":"","overlay-color":"","overlay-opacity":"","overlay-gradient":""}},"ast-content-background-meta":{"desktop":{"background-color":"var(--ast-global-color-4)","background-image":"","background-repeat":"repeat","background-position":"center center","background-size":"auto","background-attachment":"scroll","background-type":"","background-media":"","overlay-type":"","overlay-color":"","overlay-opacity":"","overlay-gradient":""},"tablet":{"background-color":"var(--ast-global-color-4)","background-image":"","background-repeat":"repeat","background-position":"center center","background-size":"auto","background-attachment":"scroll","background-type":"","background-media":"","overlay-type":"","overlay-color":"","overlay-opacity":"","overlay-gradient":""},"mobile":{"background-color":"var(--ast-global-color-4)","background-image":"","background-repeat":"repeat","background-position":"center center","background-size":"auto","background-attachment":"scroll","background-type":"","background-media":"","overlay-type":"","overlay-color":"","overlay-opacity":"","overlay-gradient":""}},"slim_seo":{"title":"Fahrt ohne Heimkehr - Graf Spee's letzte Fahrt","description":"Taschenbuch \/ eBook"}},"product_brand":[],"product_cat":[25],"product_tag":[],"class_list":{"0":"post-259","1":"product","2":"type-product","3":"status-publish","4":"has-post-thumbnail","6":"product_cat-erster-weltkrieg","7":"desktop-align-left","8":"tablet-align-left","9":"mobile-align-left","11":"first","12":"instock","13":"shipping-taxable","14":"product-type-external"},"_links":{"self":[{"href":"https:\/\/klarweltverlag.de\/index.php\/wp-json\/wp\/v2\/product\/259","targetHints":{"allow":["GET"]}}],"collection":[{"href":"https:\/\/klarweltverlag.de\/index.php\/wp-json\/wp\/v2\/product"}],"about":[{"href":"https:\/\/klarweltverlag.de\/index.php\/wp-json\/wp\/v2\/types\/product"}],"wp:featuredmedia":[{"embeddable":true,"href":"https:\/\/klarweltverlag.de\/index.php\/wp-json\/wp\/v2\/media\/260"}],"wp:attachment":[{"href":"https:\/\/klarweltverlag.de\/index.php\/wp-json\/wp\/v2\/media?parent=259"}],"wp:term":[{"taxonomy":"product_brand","embeddable":true,"href":"https:\/\/klarweltverlag.de\/index.php\/wp-json\/wp\/v2\/product_brand?post=259"},{"taxonomy":"product_cat","embeddable":true,"href":"https:\/\/klarweltverlag.de\/index.php\/wp-json\/wp\/v2\/product_cat?post=259"},{"taxonomy":"product_tag","embeddable":true,"href":"https:\/\/klarweltverlag.de\/index.php\/wp-json\/wp\/v2\/product_tag?post=259"}],"curies":[{"name":"wp","href":"https:\/\/api.w.org\/{rel}","templated":true}]}}