{"id":263,"date":"2026-01-07T13:20:49","date_gmt":"2026-01-07T12:20:49","guid":{"rendered":"https:\/\/657665.test-my-website.de\/?post_type=product&#038;p=263"},"modified":"2026-01-07T13:25:37","modified_gmt":"2026-01-07T12:25:37","slug":"wege-durch-den-krieg","status":"publish","type":"product","link":"https:\/\/klarweltverlag.de\/index.php\/produkt\/wege-durch-den-krieg\/","title":{"rendered":"Wege durch den Krieg"},"content":{"rendered":"<p class=\"cvGsUA direction-ltr align-start para-style-body\"><span class=\"a_GcMg font-feature-liga-off font-feature-clig-off font-feature-calt-off text-decoration-none text-strikethrough-none\">Drei Stra\u00dfen des Krieges<\/span><\/p>\n<p class=\"cvGsUA direction-ltr align-start para-style-body\"><span class=\"a_GcMg font-feature-liga-off font-feature-clig-off font-feature-calt-off text-decoration-none text-strikethrough-none\">Arras. Champagne. Flandern. Drei Namen, die 1916 f\u00fcr Kampf, Opfer und deutschen Siegeswillen stehen.<\/span><\/p>\n<p class=\"cvGsUA direction-ltr align-start para-style-body\"><span class=\"a_GcMg font-feature-liga-off font-feature-clig-off font-feature-calt-off text-decoration-none text-strikethrough-none\">Max Osborn, Offizier und Augenzeuge, bereist die drei wichtigsten Abschnitte der Westfront und dokumentiert, was er sieht: Die H\u00f6lle von Souchez, wo deutsche Truppen gegen franz\u00f6sische Stellungen k\u00e4mpfen. <strong>Die blutgetr\u00e4nkte Champagne<\/strong>, wo die gro\u00dfe Herbstschlacht tobt. Das umk\u00e4mpfte Flandern, von Ypern bis zur belgischen K\u00fcste.<\/span><\/p>\n<p class=\"cvGsUA direction-ltr align-start para-style-body\"><span class=\"a_GcMg font-feature-liga-off font-feature-clig-off font-feature-calt-off text-decoration-none text-strikethrough-none\">Osborn schildert das Leben an der Front in all seinen Facetten: Die Eroberung von Vimy, die Tapferkeit der s\u00e4chsischen Regimenter, Fliegerangriffe und Grabenkrieg. Er besucht die Kaiserin-Batterie an der K\u00fcste, erlebt <strong>Weihnachten vor Ypern<\/strong>, steigt in ein deutsches U-Boot.<\/span><\/p>\n<p class=\"cvGsUA direction-ltr align-start para-style-body\"><span class=\"a_GcMg font-feature-liga-off font-feature-clig-off font-feature-calt-off text-decoration-none text-strikethrough-none\">Ein authentischer Frontbericht aus dem Jahr 1916 \u2013 geschrieben von einem Mann, der die Sch\u00fctzengr\u00e4ben, die zerst\u00f6rten St\u00e4dte und die k\u00e4mpfenden Soldaten aus erster Hand kennt.<\/span><\/p>\n<p class=\"cvGsUA direction-ltr align-start para-style-body\"><span class=\"a_GcMg font-feature-liga-off font-feature-clig-off font-feature-calt-off text-decoration-none text-strikethrough-none\"><strong>Die Westfront<\/strong> durch die Augen eines deutschen Offiziers \u2013 Arras, Champagne, Flandern 1915\/16<\/span><\/p>\n","protected":false},"excerpt":{"rendered":"<p>Taschenbuch \/ eBook<\/p>\n","protected":false},"featured_media":264,"template":"","meta":{"site-sidebar-layout":"default","site-content-layout":"","ast-site-content-layout":"default","site-content-style":"default","site-sidebar-style":"default","ast-global-header-display":"","ast-banner-title-visibility":"","ast-main-header-display":"","ast-hfb-above-header-display":"","ast-hfb-below-header-display":"","ast-hfb-mobile-header-display":"","site-post-title":"","ast-breadcrumbs-content":"","ast-featured-img":"","footer-sml-layout":"","ast-disable-related-posts":"","theme-transparent-header-meta":"default","adv-header-id-meta":"","stick-header-meta":"","header-above-stick-meta":"","header-main-stick-meta":"","header-below-stick-meta":"","astra-migrate-meta-layouts":"set","ast-page-background-enabled":"default","ast-page-background-meta":{"desktop":{"background-color":"var(--ast-global-color-5)","background-image":"","background-repeat":"repeat","background-position":"center center","background-size":"auto","background-attachment":"scroll","background-type":"","background-media":"","overlay-type":"","overlay-color":"","overlay-opacity":"","overlay-gradient":""},"tablet":{"background-color":"","background-image":"","background-repeat":"repeat","background-position":"center center","background-size":"auto","background-attachment":"scroll","background-type":"","background-media":"","overlay-type":"","overlay-color":"","overlay-opacity":"","overlay-gradient":""},"mobile":{"background-color":"","background-image":"","background-repeat":"repeat","background-position":"center center","background-size":"auto","background-attachment":"scroll","background-type":"","background-media":"","overlay-type":"","overlay-color":"","overlay-opacity":"","overlay-gradient":""}},"ast-content-background-meta":{"desktop":{"background-color":"var(--ast-global-color-4)","background-image":"","background-repeat":"repeat","background-position":"center center","background-size":"auto","background-attachment":"scroll","background-type":"","background-media":"","overlay-type":"","overlay-color":"","overlay-opacity":"","overlay-gradient":""},"tablet":{"background-color":"var(--ast-global-color-4)","background-image":"","background-repeat":"repeat","background-position":"center center","background-size":"auto","background-attachment":"scroll","background-type":"","background-media":"","overlay-type":"","overlay-color":"","overlay-opacity":"","overlay-gradient":""},"mobile":{"background-color":"var(--ast-global-color-4)","background-image":"","background-repeat":"repeat","background-position":"center center","background-size":"auto","background-attachment":"scroll","background-type":"","background-media":"","overlay-type":"","overlay-color":"","overlay-opacity":"","overlay-gradient":""}},"slim_seo":{"title":"Wege durch den Krieg","description":"Taschenbuch \/ eBook"}},"product_brand":[],"product_cat":[25],"product_tag":[],"class_list":{"0":"post-263","1":"product","2":"type-product","3":"status-publish","4":"has-post-thumbnail","6":"product_cat-erster-weltkrieg","7":"desktop-align-left","8":"tablet-align-left","9":"mobile-align-left","11":"first","12":"instock","13":"shipping-taxable","14":"product-type-external"},"_links":{"self":[{"href":"https:\/\/klarweltverlag.de\/index.php\/wp-json\/wp\/v2\/product\/263","targetHints":{"allow":["GET"]}}],"collection":[{"href":"https:\/\/klarweltverlag.de\/index.php\/wp-json\/wp\/v2\/product"}],"about":[{"href":"https:\/\/klarweltverlag.de\/index.php\/wp-json\/wp\/v2\/types\/product"}],"wp:featuredmedia":[{"embeddable":true,"href":"https:\/\/klarweltverlag.de\/index.php\/wp-json\/wp\/v2\/media\/264"}],"wp:attachment":[{"href":"https:\/\/klarweltverlag.de\/index.php\/wp-json\/wp\/v2\/media?parent=263"}],"wp:term":[{"taxonomy":"product_brand","embeddable":true,"href":"https:\/\/klarweltverlag.de\/index.php\/wp-json\/wp\/v2\/product_brand?post=263"},{"taxonomy":"product_cat","embeddable":true,"href":"https:\/\/klarweltverlag.de\/index.php\/wp-json\/wp\/v2\/product_cat?post=263"},{"taxonomy":"product_tag","embeddable":true,"href":"https:\/\/klarweltverlag.de\/index.php\/wp-json\/wp\/v2\/product_tag?post=263"}],"curies":[{"name":"wp","href":"https:\/\/api.w.org\/{rel}","templated":true}]}}