{"id":272,"date":"2026-01-07T13:54:59","date_gmt":"2026-01-07T12:54:59","guid":{"rendered":"https:\/\/657665.test-my-website.de\/?post_type=product&#038;p=272"},"modified":"2026-01-07T13:59:20","modified_gmt":"2026-01-07T12:59:20","slug":"versenkt-kreuzer-und-u-boote-im-weltkrieg-2","status":"publish","type":"product","link":"https:\/\/klarweltverlag.de\/index.php\/produkt\/versenkt-kreuzer-und-u-boote-im-weltkrieg-2\/","title":{"rendered":"Versenkt &#8211; Kreuzer und U-Boote im Weltkrieg"},"content":{"rendered":"<p class=\"cvGsUA direction-ltr align-start para-style-body\"><span class=\"a_GcMg font-feature-liga-off font-feature-clig-off font-feature-calt-off text-decoration-none text-strikethrough-none\">Der Seekrieg des Ersten Weltkriegs war<strong> kein Duell gro\u00dfer Flotten<\/strong>, sondern ein Krieg der Reichweite und des Verschwindens. Kreuzer schnitten Handelswege ab. U-Boote tauchten auf, feuerten und verschwanden. Der Tod kam lautlos.<\/span><\/p>\n<p class=\"cvGsUA direction-ltr align-start para-style-body\"><span class=\"a_GcMg font-feature-liga-off font-feature-clig-off font-feature-calt-off text-decoration-none text-strikethrough-none\">\u201c<strong>Versenkt<\/strong>\u201d ist ein Bericht aus dieser Wirklichkeit. Otto von Gottberg beschreibt Eins\u00e4tze auf offenen Ozeanen und unter der Wasserlinie, Entscheidungen ohne R\u00fcckhalt und Gefechte ohne Ausweichraum. Routine, Anspannung und Verlust bestimmen den Alltag. Technik ersetzt N\u00e4he, Entfernung ersetzt Front.<\/span><\/p>\n<p class=\"cvGsUA direction-ltr align-start para-style-body\"><span class=\"a_GcMg font-feature-liga-off font-feature-clig-off font-feature-calt-off text-decoration-none text-strikethrough-none\">Das Buch zeigt den Seekrieg als das, was er war: industriell, kalkuliert und endg\u00fcltig. Erfolge werden gez\u00e4hlt, Verluste registriert, Fahrten abgebrochen oder nicht beendet. <strong>Der Krieg auf See<\/strong> kennt keine Zeugen au\u00dfer den Beteiligten.<\/span><\/p>\n<p class=\"cvGsUA direction-ltr align-start para-style-body\"><span class=\"a_GcMg font-feature-liga-off font-feature-clig-off font-feature-calt-off text-decoration-none text-strikethrough-none\">Ein n\u00fcchternes Zeitdokument \u00fcber Kreuzer und <strong>U-Boote im Weltkrieg<\/strong>. Direkt geschrieben, ohne Pathos \u2013 und gerade deshalb eindringlich.<\/span><\/p>\n<p class=\"cvGsUA direction-ltr align-start para-style-body\">\n","protected":false},"excerpt":{"rendered":"<p>Taschenbuch \/ eBook<\/p>\n","protected":false},"featured_media":273,"template":"","meta":{"site-sidebar-layout":"default","site-content-layout":"","ast-site-content-layout":"default","site-content-style":"default","site-sidebar-style":"default","ast-global-header-display":"","ast-banner-title-visibility":"","ast-main-header-display":"","ast-hfb-above-header-display":"","ast-hfb-below-header-display":"","ast-hfb-mobile-header-display":"","site-post-title":"","ast-breadcrumbs-content":"","ast-featured-img":"","footer-sml-layout":"","ast-disable-related-posts":"","theme-transparent-header-meta":"default","adv-header-id-meta":"","stick-header-meta":"","header-above-stick-meta":"","header-main-stick-meta":"","header-below-stick-meta":"","astra-migrate-meta-layouts":"set","ast-page-background-enabled":"default","ast-page-background-meta":{"desktop":{"background-color":"var(--ast-global-color-5)","background-image":"","background-repeat":"repeat","background-position":"center center","background-size":"auto","background-attachment":"scroll","background-type":"","background-media":"","overlay-type":"","overlay-color":"","overlay-opacity":"","overlay-gradient":""},"tablet":{"background-color":"","background-image":"","background-repeat":"repeat","background-position":"center center","background-size":"auto","background-attachment":"scroll","background-type":"","background-media":"","overlay-type":"","overlay-color":"","overlay-opacity":"","overlay-gradient":""},"mobile":{"background-color":"","background-image":"","background-repeat":"repeat","background-position":"center center","background-size":"auto","background-attachment":"scroll","background-type":"","background-media":"","overlay-type":"","overlay-color":"","overlay-opacity":"","overlay-gradient":""}},"ast-content-background-meta":{"desktop":{"background-color":"var(--ast-global-color-4)","background-image":"","background-repeat":"repeat","background-position":"center center","background-size":"auto","background-attachment":"scroll","background-type":"","background-media":"","overlay-type":"","overlay-color":"","overlay-opacity":"","overlay-gradient":""},"tablet":{"background-color":"var(--ast-global-color-4)","background-image":"","background-repeat":"repeat","background-position":"center center","background-size":"auto","background-attachment":"scroll","background-type":"","background-media":"","overlay-type":"","overlay-color":"","overlay-opacity":"","overlay-gradient":""},"mobile":{"background-color":"var(--ast-global-color-4)","background-image":"","background-repeat":"repeat","background-position":"center center","background-size":"auto","background-attachment":"scroll","background-type":"","background-media":"","overlay-type":"","overlay-color":"","overlay-opacity":"","overlay-gradient":""}},"slim_seo":{"title":"Versenkt - Kreuzer und U-Boote im Weltkrieg","description":"Taschenbuch \/ eBook"}},"product_brand":[],"product_cat":[25],"product_tag":[],"class_list":{"0":"post-272","1":"product","2":"type-product","3":"status-publish","4":"has-post-thumbnail","6":"product_cat-erster-weltkrieg","7":"desktop-align-left","8":"tablet-align-left","9":"mobile-align-left","11":"first","12":"instock","13":"shipping-taxable","14":"product-type-external"},"_links":{"self":[{"href":"https:\/\/klarweltverlag.de\/index.php\/wp-json\/wp\/v2\/product\/272","targetHints":{"allow":["GET"]}}],"collection":[{"href":"https:\/\/klarweltverlag.de\/index.php\/wp-json\/wp\/v2\/product"}],"about":[{"href":"https:\/\/klarweltverlag.de\/index.php\/wp-json\/wp\/v2\/types\/product"}],"wp:featuredmedia":[{"embeddable":true,"href":"https:\/\/klarweltverlag.de\/index.php\/wp-json\/wp\/v2\/media\/273"}],"wp:attachment":[{"href":"https:\/\/klarweltverlag.de\/index.php\/wp-json\/wp\/v2\/media?parent=272"}],"wp:term":[{"taxonomy":"product_brand","embeddable":true,"href":"https:\/\/klarweltverlag.de\/index.php\/wp-json\/wp\/v2\/product_brand?post=272"},{"taxonomy":"product_cat","embeddable":true,"href":"https:\/\/klarweltverlag.de\/index.php\/wp-json\/wp\/v2\/product_cat?post=272"},{"taxonomy":"product_tag","embeddable":true,"href":"https:\/\/klarweltverlag.de\/index.php\/wp-json\/wp\/v2\/product_tag?post=272"}],"curies":[{"name":"wp","href":"https:\/\/api.w.org\/{rel}","templated":true}]}}