{"id":277,"date":"2026-01-07T14:13:42","date_gmt":"2026-01-07T13:13:42","guid":{"rendered":"https:\/\/657665.test-my-website.de\/?post_type=product&#038;p=277"},"modified":"2026-01-07T14:18:10","modified_gmt":"2026-01-07T13:18:10","slug":"feindfahrt-der-schrecken-der-meere","status":"publish","type":"product","link":"https:\/\/klarweltverlag.de\/index.php\/produkt\/feindfahrt-der-schrecken-der-meere\/","title":{"rendered":"Feindfahrt &#8211; Der Schrecken der Meere"},"content":{"rendered":"<p class=\"cvGsUA direction-ltr align-start para-style-body\"><span class=\"a_GcMg font-feature-liga-off font-feature-clig-off font-feature-calt-off text-decoration-none text-strikethrough-none\">\u201e<strong>Feindfahrt \u2013 Der Schrecken der Meere<\/strong>\u201c f\u00fchrt den Leser mitten hinein in den geheimnisvollen, gef\u00e4hrlichen und oftmals unberechenbaren Krieg unter der Wasseroberfl\u00e4che.<strong> Max Valentiner<\/strong>, Kommandant des U-38, schildert aus erster Hand, wie sich eine kleine Besatzung in einem st\u00e4hlernen Rumpf gegen See, Technik und Feind behaupten musste \u2013 ohne Ausweg, ohne R\u00fcckzug, oft ohne Gewissheit, den n\u00e4chsten Tag zu \u00fcberleben.<\/span><\/p>\n<p class=\"cvGsUA direction-ltr align-start para-style-body\"><span class=\"a_GcMg font-feature-liga-off font-feature-clig-off font-feature-calt-off text-decoration-none text-strikethrough-none\">Valentiner beschreibt <strong>riskante Eins\u00e4tze<\/strong>, \u00fcberraschende Wendungen und Momente, in denen Sekunden \u00fcber Leben und Verlust entschieden. Seine Berichte zeigen, wie sehr Mut, Instinkt und Improvisation im U-Boot-Krieg \u00fcber Sieg oder Untergang bestimmten \u2013 und welche Spuren dieser Kampf bei Mannschaft und Kommandant hinterlie\u00df.<\/span><\/p>\n<p class=\"cvGsUA direction-ltr align-start para-style-body\"><span class=\"a_GcMg font-feature-liga-off font-feature-clig-off font-feature-calt-off text-decoration-none text-strikethrough-none\">Gleichzeitig offenbart das Buch die Schattenseiten einer hochmodernen Waffe, deren Wirkung die Welt schockierte und das Kriegsgeschehen dauerhaft ver\u00e4nderte.<\/span><\/p>\n<p class=\"cvGsUA direction-ltr align-start para-style-body\"><span class=\"a_GcMg font-feature-liga-off font-feature-clig-off font-feature-calt-off text-decoration-none text-strikethrough-none\">Zwischen Pflichtgef\u00fchl, Zweifel und der Faszination des Abenteuers ringt Valentiner um Entscheidungen, die dramatische Folgen hatten \u2013 f\u00fcr Gegner, f\u00fcr die BESATZUNG und f\u00fcr ihn selbst.<\/span><\/p>\n<p class=\"cvGsUA direction-ltr align-start para-style-body\"><span class=\"a_GcMg font-feature-liga-off font-feature-clig-off font-feature-calt-off text-decoration-none text-strikethrough-none\">Ein packender Augenzeugenbericht voller Spannung, Konflikt und menschlicher Tragik \u2013 erz\u00e4hlt von einem Mann, der im Zentrum einer neuen \u00c4ra der Seekriegsf\u00fchrung stand.<\/span><\/p>\n","protected":false},"excerpt":{"rendered":"<p>Taschenbuch \/ eBook<\/p>\n","protected":false},"featured_media":278,"template":"","meta":{"site-sidebar-layout":"default","site-content-layout":"","ast-site-content-layout":"default","site-content-style":"default","site-sidebar-style":"default","ast-global-header-display":"","ast-banner-title-visibility":"","ast-main-header-display":"","ast-hfb-above-header-display":"","ast-hfb-below-header-display":"","ast-hfb-mobile-header-display":"","site-post-title":"","ast-breadcrumbs-content":"","ast-featured-img":"","footer-sml-layout":"","ast-disable-related-posts":"","theme-transparent-header-meta":"default","adv-header-id-meta":"","stick-header-meta":"","header-above-stick-meta":"","header-main-stick-meta":"","header-below-stick-meta":"","astra-migrate-meta-layouts":"set","ast-page-background-enabled":"default","ast-page-background-meta":{"desktop":{"background-color":"var(--ast-global-color-5)","background-image":"","background-repeat":"repeat","background-position":"center center","background-size":"auto","background-attachment":"scroll","background-type":"","background-media":"","overlay-type":"","overlay-color":"","overlay-opacity":"","overlay-gradient":""},"tablet":{"background-color":"","background-image":"","background-repeat":"repeat","background-position":"center center","background-size":"auto","background-attachment":"scroll","background-type":"","background-media":"","overlay-type":"","overlay-color":"","overlay-opacity":"","overlay-gradient":""},"mobile":{"background-color":"","background-image":"","background-repeat":"repeat","background-position":"center center","background-size":"auto","background-attachment":"scroll","background-type":"","background-media":"","overlay-type":"","overlay-color":"","overlay-opacity":"","overlay-gradient":""}},"ast-content-background-meta":{"desktop":{"background-color":"var(--ast-global-color-4)","background-image":"","background-repeat":"repeat","background-position":"center center","background-size":"auto","background-attachment":"scroll","background-type":"","background-media":"","overlay-type":"","overlay-color":"","overlay-opacity":"","overlay-gradient":""},"tablet":{"background-color":"var(--ast-global-color-4)","background-image":"","background-repeat":"repeat","background-position":"center center","background-size":"auto","background-attachment":"scroll","background-type":"","background-media":"","overlay-type":"","overlay-color":"","overlay-opacity":"","overlay-gradient":""},"mobile":{"background-color":"var(--ast-global-color-4)","background-image":"","background-repeat":"repeat","background-position":"center center","background-size":"auto","background-attachment":"scroll","background-type":"","background-media":"","overlay-type":"","overlay-color":"","overlay-opacity":"","overlay-gradient":""}},"slim_seo":{"title":"Feindfahrt - Der Schrecken der Meere","description":"Taschenbuch \/ eBook"}},"product_brand":[],"product_cat":[25],"product_tag":[],"class_list":{"0":"post-277","1":"product","2":"type-product","3":"status-publish","4":"has-post-thumbnail","6":"product_cat-erster-weltkrieg","7":"desktop-align-left","8":"tablet-align-left","9":"mobile-align-left","11":"first","12":"instock","13":"shipping-taxable","14":"product-type-external"},"_links":{"self":[{"href":"https:\/\/klarweltverlag.de\/index.php\/wp-json\/wp\/v2\/product\/277","targetHints":{"allow":["GET"]}}],"collection":[{"href":"https:\/\/klarweltverlag.de\/index.php\/wp-json\/wp\/v2\/product"}],"about":[{"href":"https:\/\/klarweltverlag.de\/index.php\/wp-json\/wp\/v2\/types\/product"}],"wp:featuredmedia":[{"embeddable":true,"href":"https:\/\/klarweltverlag.de\/index.php\/wp-json\/wp\/v2\/media\/278"}],"wp:attachment":[{"href":"https:\/\/klarweltverlag.de\/index.php\/wp-json\/wp\/v2\/media?parent=277"}],"wp:term":[{"taxonomy":"product_brand","embeddable":true,"href":"https:\/\/klarweltverlag.de\/index.php\/wp-json\/wp\/v2\/product_brand?post=277"},{"taxonomy":"product_cat","embeddable":true,"href":"https:\/\/klarweltverlag.de\/index.php\/wp-json\/wp\/v2\/product_cat?post=277"},{"taxonomy":"product_tag","embeddable":true,"href":"https:\/\/klarweltverlag.de\/index.php\/wp-json\/wp\/v2\/product_tag?post=277"}],"curies":[{"name":"wp","href":"https:\/\/api.w.org\/{rel}","templated":true}]}}