{"id":281,"date":"2026-01-07T14:26:47","date_gmt":"2026-01-07T13:26:47","guid":{"rendered":"https:\/\/657665.test-my-website.de\/?post_type=product&#038;p=281"},"modified":"2026-01-07T14:31:46","modified_gmt":"2026-01-07T13:31:46","slug":"klar-zum-gefecht-tigerflagge-heiss-vor","status":"publish","type":"product","link":"https:\/\/klarweltverlag.de\/index.php\/produkt\/klar-zum-gefecht-tigerflagge-heiss-vor\/","title":{"rendered":"Klar zum Gefecht &#8211; Tigerflagge hei\u00df vor!"},"content":{"rendered":"<p class=\"cvGsUA direction-ltr align-start para-style-body\"><span class=\"a_GcMg font-feature-liga-off font-feature-clig-off font-feature-calt-off text-decoration-none text-strikethrough-none\">Der Seekrieg des <strong>Zweiten Weltkrieges<\/strong> wurde nicht nur in gro\u00dfen Schlachten entschieden. Weit entfernt von den Fronten operierten getarnte Schiffe auf den Handelsrouten der Weltmeere \u2013 unscheinbar, geduldig, jederzeit bereit zum Schlag.<\/span><\/p>\n<p class=\"cvGsUA direction-ltr align-start para-style-body\"><span class=\"a_GcMg font-feature-liga-off font-feature-clig-off font-feature-calt-off text-decoration-none text-strikethrough-none\">Klar zum Gefecht f\u00fchrt in diese verborgene Form des Krieges. Hans Bartels schildert das Unternehmen der <strong>getarnten Handelskriegsf\u00fchrung<\/strong>, bei dem T\u00e4uschung zur Waffe wurde und der entscheidende Moment oft erst dann kam, wenn die Tigerflagge gesetzt wurde. Aus dem scheinbaren Frachter wurde in Sekunden ein Kampfschiff, aus Routine pl\u00f6tzlich Gefecht.<\/span><\/p>\n<p class=\"cvGsUA direction-ltr align-start para-style-body\"><span class=\"a_GcMg font-feature-liga-off font-feature-clig-off font-feature-calt-off text-decoration-none text-strikethrough-none\">Das Buch erz\u00e4hlt von langen Fahrten, st\u00e4ndiger Wachsamkeit, riskanten Begegnungen und Entscheidungen ohne R\u00fcckzugsm\u00f6glichkeit. Es zeigt den Alltag an Bord, die <strong>psychische Belastung<\/strong> der Besatzungen und die schmale Grenze zwischen Erfolg und Entdeckung.<\/span><\/p>\n<p class=\"cvGsUA direction-ltr align-start para-style-body\"><span class=\"a_GcMg font-feature-liga-off font-feature-clig-off font-feature-calt-off text-decoration-none text-strikethrough-none\">Ein eindringlicher Bericht \u00fcber einen <strong>Seekrieg im Verborgenen<\/strong> \u2013 gepr\u00e4gt von Disziplin, List und dem Wissen, dass jeder Fehler t\u00f6dlich sein konnte.<\/span><\/p>\n","protected":false},"excerpt":{"rendered":"<p>Taschenbuch \/ eBook<\/p>\n","protected":false},"featured_media":282,"template":"","meta":{"site-sidebar-layout":"default","site-content-layout":"","ast-site-content-layout":"default","site-content-style":"default","site-sidebar-style":"default","ast-global-header-display":"","ast-banner-title-visibility":"","ast-main-header-display":"","ast-hfb-above-header-display":"","ast-hfb-below-header-display":"","ast-hfb-mobile-header-display":"","site-post-title":"","ast-breadcrumbs-content":"","ast-featured-img":"","footer-sml-layout":"","ast-disable-related-posts":"","theme-transparent-header-meta":"default","adv-header-id-meta":"","stick-header-meta":"","header-above-stick-meta":"","header-main-stick-meta":"","header-below-stick-meta":"","astra-migrate-meta-layouts":"set","ast-page-background-enabled":"default","ast-page-background-meta":{"desktop":{"background-color":"var(--ast-global-color-5)","background-image":"","background-repeat":"repeat","background-position":"center center","background-size":"auto","background-attachment":"scroll","background-type":"","background-media":"","overlay-type":"","overlay-color":"","overlay-opacity":"","overlay-gradient":""},"tablet":{"background-color":"","background-image":"","background-repeat":"repeat","background-position":"center center","background-size":"auto","background-attachment":"scroll","background-type":"","background-media":"","overlay-type":"","overlay-color":"","overlay-opacity":"","overlay-gradient":""},"mobile":{"background-color":"","background-image":"","background-repeat":"repeat","background-position":"center center","background-size":"auto","background-attachment":"scroll","background-type":"","background-media":"","overlay-type":"","overlay-color":"","overlay-opacity":"","overlay-gradient":""}},"ast-content-background-meta":{"desktop":{"background-color":"var(--ast-global-color-4)","background-image":"","background-repeat":"repeat","background-position":"center center","background-size":"auto","background-attachment":"scroll","background-type":"","background-media":"","overlay-type":"","overlay-color":"","overlay-opacity":"","overlay-gradient":""},"tablet":{"background-color":"var(--ast-global-color-4)","background-image":"","background-repeat":"repeat","background-position":"center center","background-size":"auto","background-attachment":"scroll","background-type":"","background-media":"","overlay-type":"","overlay-color":"","overlay-opacity":"","overlay-gradient":""},"mobile":{"background-color":"var(--ast-global-color-4)","background-image":"","background-repeat":"repeat","background-position":"center center","background-size":"auto","background-attachment":"scroll","background-type":"","background-media":"","overlay-type":"","overlay-color":"","overlay-opacity":"","overlay-gradient":""}},"slim_seo":{"title":"Klar zum Gefecht - Tigerflagge hei\u00df vor!","description":"Taschenbuch \/ eBook"}},"product_brand":[],"product_cat":[24],"product_tag":[],"class_list":{"0":"post-281","1":"product","2":"type-product","3":"status-publish","4":"has-post-thumbnail","6":"product_cat-zweiter-weltkrieg","7":"desktop-align-left","8":"tablet-align-left","9":"mobile-align-left","11":"first","12":"instock","13":"shipping-taxable","14":"product-type-external"},"_links":{"self":[{"href":"https:\/\/klarweltverlag.de\/index.php\/wp-json\/wp\/v2\/product\/281","targetHints":{"allow":["GET"]}}],"collection":[{"href":"https:\/\/klarweltverlag.de\/index.php\/wp-json\/wp\/v2\/product"}],"about":[{"href":"https:\/\/klarweltverlag.de\/index.php\/wp-json\/wp\/v2\/types\/product"}],"wp:featuredmedia":[{"embeddable":true,"href":"https:\/\/klarweltverlag.de\/index.php\/wp-json\/wp\/v2\/media\/282"}],"wp:attachment":[{"href":"https:\/\/klarweltverlag.de\/index.php\/wp-json\/wp\/v2\/media?parent=281"}],"wp:term":[{"taxonomy":"product_brand","embeddable":true,"href":"https:\/\/klarweltverlag.de\/index.php\/wp-json\/wp\/v2\/product_brand?post=281"},{"taxonomy":"product_cat","embeddable":true,"href":"https:\/\/klarweltverlag.de\/index.php\/wp-json\/wp\/v2\/product_cat?post=281"},{"taxonomy":"product_tag","embeddable":true,"href":"https:\/\/klarweltverlag.de\/index.php\/wp-json\/wp\/v2\/product_tag?post=281"}],"curies":[{"name":"wp","href":"https:\/\/api.w.org\/{rel}","templated":true}]}}