{"id":289,"date":"2026-01-07T15:08:01","date_gmt":"2026-01-07T14:08:01","guid":{"rendered":"https:\/\/657665.test-my-website.de\/?post_type=product&#038;p=289"},"modified":"2026-01-07T15:11:56","modified_gmt":"2026-01-07T14:11:56","slug":"im-torpedoboot-gegen-england-kriegserlebnisse","status":"publish","type":"product","link":"https:\/\/klarweltverlag.de\/index.php\/produkt\/im-torpedoboot-gegen-england-kriegserlebnisse\/","title":{"rendered":"Im Torpedoboot gegen England &#8211; Kriegserlebnisse"},"content":{"rendered":"<p class=\"cvGsUA direction-ltr align-start para-style-body\"><span class=\"a_GcMg font-feature-liga-off font-feature-clig-off font-feature-calt-off text-decoration-none text-strikethrough-none\"><strong>Die Nordsee, 1914-1916<\/strong>. <\/span><span class=\"a_GcMg font-feature-liga-off font-feature-clig-off font-feature-calt-off text-decoration-none text-strikethrough-none\">Nacht f\u00fcr Nacht fahren die deutschen Torpedoboote hinaus in die Dunkelheit \u2013 gegen die \u00fcberm\u00e4chtige Royal Navy, gegen Sturm und Minengefahr, gegen den Tod selbst.<\/span><\/p>\n<p class=\"cvGsUA direction-ltr align-start para-style-body\"><span class=\"a_GcMg font-feature-liga-off font-feature-clig-off font-feature-calt-off text-decoration-none text-strikethrough-none\">Fritz Graf, selbst Offizier auf einem dieser schwimmenden Pulverf\u00e4sser, schildert in diesem <strong>eindringlichen Augenzeugenbericht<\/strong> das Leben und K\u00e4mpfen auf den kleinen, wendigen Kriegsschiffen der Kaiserlichen Marine. Mit ungeschminkter Offenheit beschreibt er die n\u00e4chtlichen Angriffe auf britische Geleitz\u00fcge, die st\u00e4ndige Todesangst bei Minenfelddurchfahrten und die kameradschaftliche Verbundenheit einer Besatzung, die wei\u00df: Ein einziger Volltreffer gen\u00fcgt, und das Boot ist Geschichte.<\/span><\/p>\n<p class=\"cvGsUA direction-ltr align-start para-style-body\"><span class=\"a_GcMg font-feature-liga-off font-feature-clig-off font-feature-calt-off text-decoration-none text-strikethrough-none\">Dies ist keine glorifizierende Heldenerz\u00e4hlung, sondern ein schonungslos ehrliches Dokument aus einer Zeit, in der junge M\u00e4nner \u2013 kaum \u00e4lter als f\u00fcnfundzwanzig \u2013 mit 30 Knoten durch die st\u00fcrmische Nordsee pfl\u00fcgten, immer auf der <strong>Suche nach dem Feind<\/strong>, immer in Gefahr, selbst entdeckt zu werden.<\/span><\/p>\n<p class=\"cvGsUA direction-ltr align-start para-style-body\"><span class=\"a_GcMg font-feature-liga-off font-feature-clig-off font-feature-calt-off text-decoration-none text-strikethrough-none\">Von der angespannten Ruhe vor dem Auslaufen bis zum donnernden Gefecht, von der Verzweiflung nach dem Verlust befreundeter Boote bis zum unb\u00e4ndigen Lebenswillen der \u00dcberlebenden \u2013 Fritz Graf l\u00e4sst uns teilhaben an einem Kapitel deutscher Marinegeschichte, das allzu oft im Schatten der gro\u00dfen Schlachtschiffe geblieben ist.<\/span><\/p>\n","protected":false},"excerpt":{"rendered":"<p>Taschenbuch \/ eBook<\/p>\n","protected":false},"featured_media":290,"template":"","meta":{"site-sidebar-layout":"default","site-content-layout":"","ast-site-content-layout":"default","site-content-style":"default","site-sidebar-style":"default","ast-global-header-display":"","ast-banner-title-visibility":"","ast-main-header-display":"","ast-hfb-above-header-display":"","ast-hfb-below-header-display":"","ast-hfb-mobile-header-display":"","site-post-title":"","ast-breadcrumbs-content":"","ast-featured-img":"","footer-sml-layout":"","ast-disable-related-posts":"","theme-transparent-header-meta":"default","adv-header-id-meta":"","stick-header-meta":"","header-above-stick-meta":"","header-main-stick-meta":"","header-below-stick-meta":"","astra-migrate-meta-layouts":"set","ast-page-background-enabled":"default","ast-page-background-meta":{"desktop":{"background-color":"var(--ast-global-color-5)","background-image":"","background-repeat":"repeat","background-position":"center center","background-size":"auto","background-attachment":"scroll","background-type":"","background-media":"","overlay-type":"","overlay-color":"","overlay-opacity":"","overlay-gradient":""},"tablet":{"background-color":"","background-image":"","background-repeat":"repeat","background-position":"center center","background-size":"auto","background-attachment":"scroll","background-type":"","background-media":"","overlay-type":"","overlay-color":"","overlay-opacity":"","overlay-gradient":""},"mobile":{"background-color":"","background-image":"","background-repeat":"repeat","background-position":"center center","background-size":"auto","background-attachment":"scroll","background-type":"","background-media":"","overlay-type":"","overlay-color":"","overlay-opacity":"","overlay-gradient":""}},"ast-content-background-meta":{"desktop":{"background-color":"var(--ast-global-color-4)","background-image":"","background-repeat":"repeat","background-position":"center center","background-size":"auto","background-attachment":"scroll","background-type":"","background-media":"","overlay-type":"","overlay-color":"","overlay-opacity":"","overlay-gradient":""},"tablet":{"background-color":"var(--ast-global-color-4)","background-image":"","background-repeat":"repeat","background-position":"center center","background-size":"auto","background-attachment":"scroll","background-type":"","background-media":"","overlay-type":"","overlay-color":"","overlay-opacity":"","overlay-gradient":""},"mobile":{"background-color":"var(--ast-global-color-4)","background-image":"","background-repeat":"repeat","background-position":"center center","background-size":"auto","background-attachment":"scroll","background-type":"","background-media":"","overlay-type":"","overlay-color":"","overlay-opacity":"","overlay-gradient":""}},"slim_seo":{"title":"Im Torpedoboot gegen England - Kriegserlebnisse","description":"Taschenbuch \/ eBook"}},"product_brand":[],"product_cat":[25],"product_tag":[],"class_list":{"0":"post-289","1":"product","2":"type-product","3":"status-publish","4":"has-post-thumbnail","6":"product_cat-erster-weltkrieg","7":"desktop-align-left","8":"tablet-align-left","9":"mobile-align-left","11":"first","12":"instock","13":"shipping-taxable","14":"product-type-external"},"_links":{"self":[{"href":"https:\/\/klarweltverlag.de\/index.php\/wp-json\/wp\/v2\/product\/289","targetHints":{"allow":["GET"]}}],"collection":[{"href":"https:\/\/klarweltverlag.de\/index.php\/wp-json\/wp\/v2\/product"}],"about":[{"href":"https:\/\/klarweltverlag.de\/index.php\/wp-json\/wp\/v2\/types\/product"}],"wp:featuredmedia":[{"embeddable":true,"href":"https:\/\/klarweltverlag.de\/index.php\/wp-json\/wp\/v2\/media\/290"}],"wp:attachment":[{"href":"https:\/\/klarweltverlag.de\/index.php\/wp-json\/wp\/v2\/media?parent=289"}],"wp:term":[{"taxonomy":"product_brand","embeddable":true,"href":"https:\/\/klarweltverlag.de\/index.php\/wp-json\/wp\/v2\/product_brand?post=289"},{"taxonomy":"product_cat","embeddable":true,"href":"https:\/\/klarweltverlag.de\/index.php\/wp-json\/wp\/v2\/product_cat?post=289"},{"taxonomy":"product_tag","embeddable":true,"href":"https:\/\/klarweltverlag.de\/index.php\/wp-json\/wp\/v2\/product_tag?post=289"}],"curies":[{"name":"wp","href":"https:\/\/api.w.org\/{rel}","templated":true}]}}