{"id":294,"date":"2026-01-07T15:34:35","date_gmt":"2026-01-07T14:34:35","guid":{"rendered":"https:\/\/657665.test-my-website.de\/?post_type=product&#038;p=294"},"modified":"2026-01-07T15:38:04","modified_gmt":"2026-01-07T14:38:04","slug":"stuerme-und-luftsiege","status":"publish","type":"product","link":"https:\/\/klarweltverlag.de\/index.php\/produkt\/stuerme-und-luftsiege\/","title":{"rendered":"St\u00fcrme und Luftsiege"},"content":{"rendered":"<p class=\"cvGsUA direction-ltr align-start para-style-body\"><strong><span class=\"a_GcMg font-feature-liga-off font-feature-clig-off font-feature-calt-off text-decoration-none text-strikethrough-none\">Er fliegt, wo andere fallen.<\/span><\/strong><\/p>\n<p class=\"cvGsUA direction-ltr align-start para-style-body\"><span class=\"a_GcMg font-feature-liga-off font-feature-clig-off font-feature-calt-off text-decoration-none text-strikethrough-none\">\u00dcber den Fronten des Ersten Weltkriegs jagt ein Mann durch Rauch, Feuer und Wolken \u2013 im Kampf gegen die Feinde am Himmel und die D\u00e4monen in sich selbst.<\/span><\/p>\n<p class=\"cvGsUA direction-ltr align-start para-style-body\"><span class=\"a_GcMg font-feature-liga-off font-feature-clig-off font-feature-calt-off text-decoration-none text-strikethrough-none\">Adolf Ritter von Tutschek, <strong>einer der erfolgreichsten deutschen Jagdflieger<\/strong> seiner Zeit, beschreibt in diesem Buch den Krieg aus einer Perspektive, die nur wenige \u00fcberlebt haben: die des Luftkampfes. Zwischen Mut und Angst, Triumph und Absturz, schildert er die Eins\u00e4tze, Kameradschaften und Verluste, die den Himmel zur letzten Grenze machten.<\/span><\/p>\n<p class=\"cvGsUA direction-ltr align-start para-style-body\"><span class=\"a_GcMg font-feature-liga-off font-feature-clig-off font-feature-calt-off text-decoration-none text-strikethrough-none\">Seine Berichte sind keine Heldengeschichten. Sie sind Zeugnisse eines Menschen, der mitten im Sturm den Blick f\u00fcr das Wesentliche beh\u00e4lt: die <strong>Wahrheit \u00fcber den Krieg<\/strong> \u2013 und \u00fcber sich selbst.<\/span><\/p>\n<p class=\"cvGsUA direction-ltr align-start para-style-body\"><span class=\"a_GcMg font-feature-liga-off font-feature-clig-off font-feature-calt-off text-decoration-none text-strikethrough-none\"><strong>Ein zeitloses Dokument<\/strong> \u00fcber Ehre, \u00dcberleben und die Einsamkeit zwischen Himmel und Erde.<\/span><\/p>\n","protected":false},"excerpt":{"rendered":"<p>Taschenbuch \/ eBook<\/p>\n","protected":false},"featured_media":295,"template":"","meta":{"site-sidebar-layout":"default","site-content-layout":"","ast-site-content-layout":"default","site-content-style":"default","site-sidebar-style":"default","ast-global-header-display":"","ast-banner-title-visibility":"","ast-main-header-display":"","ast-hfb-above-header-display":"","ast-hfb-below-header-display":"","ast-hfb-mobile-header-display":"","site-post-title":"","ast-breadcrumbs-content":"","ast-featured-img":"","footer-sml-layout":"","ast-disable-related-posts":"","theme-transparent-header-meta":"default","adv-header-id-meta":"","stick-header-meta":"","header-above-stick-meta":"","header-main-stick-meta":"","header-below-stick-meta":"","astra-migrate-meta-layouts":"set","ast-page-background-enabled":"default","ast-page-background-meta":{"desktop":{"background-color":"var(--ast-global-color-5)","background-image":"","background-repeat":"repeat","background-position":"center center","background-size":"auto","background-attachment":"scroll","background-type":"","background-media":"","overlay-type":"","overlay-color":"","overlay-opacity":"","overlay-gradient":""},"tablet":{"background-color":"","background-image":"","background-repeat":"repeat","background-position":"center center","background-size":"auto","background-attachment":"scroll","background-type":"","background-media":"","overlay-type":"","overlay-color":"","overlay-opacity":"","overlay-gradient":""},"mobile":{"background-color":"","background-image":"","background-repeat":"repeat","background-position":"center center","background-size":"auto","background-attachment":"scroll","background-type":"","background-media":"","overlay-type":"","overlay-color":"","overlay-opacity":"","overlay-gradient":""}},"ast-content-background-meta":{"desktop":{"background-color":"var(--ast-global-color-4)","background-image":"","background-repeat":"repeat","background-position":"center center","background-size":"auto","background-attachment":"scroll","background-type":"","background-media":"","overlay-type":"","overlay-color":"","overlay-opacity":"","overlay-gradient":""},"tablet":{"background-color":"var(--ast-global-color-4)","background-image":"","background-repeat":"repeat","background-position":"center center","background-size":"auto","background-attachment":"scroll","background-type":"","background-media":"","overlay-type":"","overlay-color":"","overlay-opacity":"","overlay-gradient":""},"mobile":{"background-color":"var(--ast-global-color-4)","background-image":"","background-repeat":"repeat","background-position":"center center","background-size":"auto","background-attachment":"scroll","background-type":"","background-media":"","overlay-type":"","overlay-color":"","overlay-opacity":"","overlay-gradient":""}},"slim_seo":{"title":"St\u00fcrme und Luftsiege","description":"Taschenbuch \/ eBook"}},"product_brand":[],"product_cat":[25],"product_tag":[],"class_list":{"0":"post-294","1":"product","2":"type-product","3":"status-publish","4":"has-post-thumbnail","6":"product_cat-erster-weltkrieg","7":"desktop-align-left","8":"tablet-align-left","9":"mobile-align-left","11":"first","12":"instock","13":"shipping-taxable","14":"product-type-external"},"_links":{"self":[{"href":"https:\/\/klarweltverlag.de\/index.php\/wp-json\/wp\/v2\/product\/294","targetHints":{"allow":["GET"]}}],"collection":[{"href":"https:\/\/klarweltverlag.de\/index.php\/wp-json\/wp\/v2\/product"}],"about":[{"href":"https:\/\/klarweltverlag.de\/index.php\/wp-json\/wp\/v2\/types\/product"}],"wp:featuredmedia":[{"embeddable":true,"href":"https:\/\/klarweltverlag.de\/index.php\/wp-json\/wp\/v2\/media\/295"}],"wp:attachment":[{"href":"https:\/\/klarweltverlag.de\/index.php\/wp-json\/wp\/v2\/media?parent=294"}],"wp:term":[{"taxonomy":"product_brand","embeddable":true,"href":"https:\/\/klarweltverlag.de\/index.php\/wp-json\/wp\/v2\/product_brand?post=294"},{"taxonomy":"product_cat","embeddable":true,"href":"https:\/\/klarweltverlag.de\/index.php\/wp-json\/wp\/v2\/product_cat?post=294"},{"taxonomy":"product_tag","embeddable":true,"href":"https:\/\/klarweltverlag.de\/index.php\/wp-json\/wp\/v2\/product_tag?post=294"}],"curies":[{"name":"wp","href":"https:\/\/api.w.org\/{rel}","templated":true}]}}