{"id":326,"date":"2026-01-22T12:56:59","date_gmt":"2026-01-22T11:56:59","guid":{"rendered":"https:\/\/klarweltverlag.de\/?post_type=product&#038;p=326"},"modified":"2026-01-22T13:08:20","modified_gmt":"2026-01-22T12:08:20","slug":"die-schlacht-ueber-dem-nebel","status":"publish","type":"product","link":"https:\/\/klarweltverlag.de\/index.php\/produkt\/die-schlacht-ueber-dem-nebel\/","title":{"rendered":"Die Schlacht \u00fcber dem Nebel"},"content":{"rendered":"<p class=\"cvGsUA direction-ltr align-start para-style-body\"><span class=\"a_GcMg font-feature-liga-off font-feature-clig-off font-feature-calt-off text-decoration-none text-strikethrough-none\"><strong>Hoch \u00fcber den Schlachtfeldern des Ersten Weltkriegs<\/strong> entscheidet sich das Schicksal in Sekunden. Willkommen in der Welt der Kampfflieger, wo Mut und Tod nur einen Fl\u00fcgelschlag voneinander entfernt sind.<\/span><\/p>\n<p class=\"cvGsUA direction-ltr align-start para-style-body\"><span class=\"a_GcMg font-feature-liga-off font-feature-clig-off font-feature-calt-off text-decoration-none text-strikethrough-none\">Friedrich Otto entf\u00fchrt in sechs <strong>packenden Erz\u00e4hlungen<\/strong> in die dramatischsten Momente des Luftkriegs. Erleben Sie den unerbittlichen Kampf gegen Tod und Panzerwalze, wenn Flieger verzweifelt versuchen, die Infanterie vor der st\u00e4hlernen Bedrohung zu warnen. Verfolgen Sie den mysteri\u00f6sen Schuss in der Neujahrsnacht, der ein ganzes Geschwader in Alarm versetzt. Fliegen Sie mit dem wolkenfarbenen J\u00e4ger, dessen Tarnung ihn unsichtbar und t\u00f6dlich zugleich macht.<\/span><\/p>\n<p class=\"cvGsUA direction-ltr align-start para-style-body\"><span class=\"a_GcMg font-feature-liga-off font-feature-clig-off font-feature-calt-off text-decoration-none text-strikethrough-none\">Jagen Sie feindliche Luftschiffe \u00fcber der glitzernden Adria. Erleben Sie die schwarze Symphonie eines Bombenangriffs, bei dem Zerst\u00f6rung zur grausamen Musik wird. Und k\u00e4mpfen Sie in der titelgebenden Schlacht \u00fcber dem Nebel, wo Freund und Feind in den Wolken verschwimmen.<\/span><\/p>\n<p class=\"cvGsUA direction-ltr align-start para-style-body\"><span class=\"a_GcMg font-feature-liga-off font-feature-clig-off font-feature-calt-off text-decoration-none text-strikethrough-none\">Mit literarischer Intensit\u00e4t und technischer Pr\u00e4zision zeichnet Otto ein <strong>ungesch\u00f6ntes Bild des Luftkriegs<\/strong>. Heldentum und Horror, Kameradschaft und Einsamkeit, Triumph und Trag\u00f6die. Ein vergessenes Meisterwerk der Kriegsliteratur, das den Himmel als Schlachtfeld zeigt.<\/span><\/p>\n","protected":false},"excerpt":{"rendered":"<p>Taschenbuch \/ eBook<\/p>\n","protected":false},"featured_media":327,"template":"","meta":{"site-sidebar-layout":"default","site-content-layout":"","ast-site-content-layout":"default","site-content-style":"default","site-sidebar-style":"default","ast-global-header-display":"","ast-banner-title-visibility":"","ast-main-header-display":"","ast-hfb-above-header-display":"","ast-hfb-below-header-display":"","ast-hfb-mobile-header-display":"","site-post-title":"","ast-breadcrumbs-content":"","ast-featured-img":"","footer-sml-layout":"","ast-disable-related-posts":"","theme-transparent-header-meta":"default","adv-header-id-meta":"","stick-header-meta":"","header-above-stick-meta":"","header-main-stick-meta":"","header-below-stick-meta":"","astra-migrate-meta-layouts":"set","ast-page-background-enabled":"default","ast-page-background-meta":{"desktop":{"background-color":"var(--ast-global-color-5)","background-image":"","background-repeat":"repeat","background-position":"center center","background-size":"auto","background-attachment":"scroll","background-type":"","background-media":"","overlay-type":"","overlay-color":"","overlay-opacity":"","overlay-gradient":""},"tablet":{"background-color":"","background-image":"","background-repeat":"repeat","background-position":"center center","background-size":"auto","background-attachment":"scroll","background-type":"","background-media":"","overlay-type":"","overlay-color":"","overlay-opacity":"","overlay-gradient":""},"mobile":{"background-color":"","background-image":"","background-repeat":"repeat","background-position":"center center","background-size":"auto","background-attachment":"scroll","background-type":"","background-media":"","overlay-type":"","overlay-color":"","overlay-opacity":"","overlay-gradient":""}},"ast-content-background-meta":{"desktop":{"background-color":"var(--ast-global-color-4)","background-image":"","background-repeat":"repeat","background-position":"center center","background-size":"auto","background-attachment":"scroll","background-type":"","background-media":"","overlay-type":"","overlay-color":"","overlay-opacity":"","overlay-gradient":""},"tablet":{"background-color":"var(--ast-global-color-4)","background-image":"","background-repeat":"repeat","background-position":"center center","background-size":"auto","background-attachment":"scroll","background-type":"","background-media":"","overlay-type":"","overlay-color":"","overlay-opacity":"","overlay-gradient":""},"mobile":{"background-color":"var(--ast-global-color-4)","background-image":"","background-repeat":"repeat","background-position":"center center","background-size":"auto","background-attachment":"scroll","background-type":"","background-media":"","overlay-type":"","overlay-color":"","overlay-opacity":"","overlay-gradient":""}},"slim_seo":{"title":"Die Schlacht \u00fcber dem Nebel","description":"Taschenbuch \/ eBook"}},"product_brand":[],"product_cat":[25],"product_tag":[],"class_list":{"0":"post-326","1":"product","2":"type-product","3":"status-publish","4":"has-post-thumbnail","6":"product_cat-erster-weltkrieg","7":"desktop-align-left","8":"tablet-align-left","9":"mobile-align-left","11":"first","12":"instock","13":"shipping-taxable","14":"product-type-external"},"_links":{"self":[{"href":"https:\/\/klarweltverlag.de\/index.php\/wp-json\/wp\/v2\/product\/326","targetHints":{"allow":["GET"]}}],"collection":[{"href":"https:\/\/klarweltverlag.de\/index.php\/wp-json\/wp\/v2\/product"}],"about":[{"href":"https:\/\/klarweltverlag.de\/index.php\/wp-json\/wp\/v2\/types\/product"}],"wp:featuredmedia":[{"embeddable":true,"href":"https:\/\/klarweltverlag.de\/index.php\/wp-json\/wp\/v2\/media\/327"}],"wp:attachment":[{"href":"https:\/\/klarweltverlag.de\/index.php\/wp-json\/wp\/v2\/media?parent=326"}],"wp:term":[{"taxonomy":"product_brand","embeddable":true,"href":"https:\/\/klarweltverlag.de\/index.php\/wp-json\/wp\/v2\/product_brand?post=326"},{"taxonomy":"product_cat","embeddable":true,"href":"https:\/\/klarweltverlag.de\/index.php\/wp-json\/wp\/v2\/product_cat?post=326"},{"taxonomy":"product_tag","embeddable":true,"href":"https:\/\/klarweltverlag.de\/index.php\/wp-json\/wp\/v2\/product_tag?post=326"}],"curies":[{"name":"wp","href":"https:\/\/api.w.org\/{rel}","templated":true}]}}